{"id":855,"date":"2025-07-10T07:36:35","date_gmt":"2025-07-10T07:36:35","guid":{"rendered":"https:\/\/beenu.dk\/?post_type=product&#038;p=855"},"modified":"2026-03-06T11:48:00","modified_gmt":"2026-03-06T11:48:00","slug":"vitalitet-100ml","status":"publish","type":"product","link":"https:\/\/beenu.dk\/index.php\/vare\/vitalitet-100ml\/","title":{"rendered":"Vitalitet"},"content":{"rendered":"<h3 data-start=\"89\" data-end=\"136\"><strong data-start=\"93\" data-end=\"134\">Bivokscreme \u2013 n\u00e6rende pleje til huden<\/strong><\/h3>\n<p data-start=\"138\" data-end=\"336\">Denne creme er tilsat Pebermynteolie.\u00a0 Pebermynte kan starte din dag et boost og f\u00e5 dig til at f\u00f8le dig mere forfrisket end nogensinde f\u00f8r. <a href=\"https:\/\/beenu.dk\/index.php\/bivoks\/\">Link til varianter<\/a><\/p>\n<p data-start=\"138\" data-end=\"336\">Denne creme er fantastisk til alle hudtyper og kan bruges p\u00e5 hele kroppen efter badet som en n\u00e6rende kropscreme. Den absorberes hurtigt, hvilket g\u00f8r den s\u00e6rligt velegnet som h\u00e5ndcreme. Derudover kan den ogs\u00e5 anvendes i ansigtet og p\u00e5 f\u00f8dderne. Is\u00e6r er den ideel til hud med eksem, da den giver intensiv pleje og lindring.<\/p>\n<p data-start=\"138\" data-end=\"336\">Bivokscreme er velegnet til alle hudtyper og tilf\u00f8rer intensiv fugt. Den kan v\u00e6re et godt valg for hud, der f\u00f8les t\u00f8r eller sensitiv, samt for dem, der oplever udfordringer med almindelige cremer.<\/p>\n<p data-start=\"338\" data-end=\"557\">Cremen er h\u00e5ndr\u00f8rt og indeholder bivoks, \u00f8kologisk kokosolie, \u00f8kologisk sheasm\u00f8r og \u00f8kologisk mandelolie. Denne variant er med mandelolie, som har en lettere konsistens end olivenolie, der ofte bruges i federe cremer.<\/p>\n<p data-start=\"559\" data-end=\"722\">Hvis du tidligere har anvendt andre hudplejeprodukter, kan det v\u00e6re interessant at pr\u00f8ve en naturlig l\u00f8sning som bivokscreme for at se, hvordan din hud reagerer.<\/p>\n<h3 data-start=\"729\" data-end=\"748\"><strong data-start=\"733\" data-end=\"746\">Kokosolie<\/strong><\/h3>\n<p data-start=\"750\" data-end=\"910\">Kokosolie hj\u00e6lper med at fugte huden og underst\u00f8tter dens naturlige beskyttende barriere, s\u00e5 den bedre kan bevare fugten. Den er s\u00e6rligt velegnet til t\u00f8r hud.<\/p>\n<h3 data-start=\"917\" data-end=\"935\"><strong data-start=\"921\" data-end=\"933\">Sheasm\u00f8r<\/strong><\/h3>\n<p data-start=\"937\" data-end=\"1149\">Sheasm\u00f8r bl\u00f8dg\u00f8r huden og tilf\u00f8rer intens fugt. Det indeholder vitamin A og E samt antioxidanter, der underst\u00f8tter hudens naturlige pleje. Sheasm\u00f8r har en rig konsistens, som g\u00f8r det velegnet til meget t\u00f8r hud.<\/p>\n<h3 data-start=\"1156\" data-end=\"1176\"><strong data-start=\"1160\" data-end=\"1174\">Mandelolie<\/strong><\/h3>\n<p data-start=\"1178\" data-end=\"1379\">Mandelolie er en let og n\u00e6rende olie, rig p\u00e5 essentielle fedtsyrer, vitaminer og mineraler. Den fungerer som en fremragende fugtgiver, der tr\u00e6nger let ind i huden og efterlader den bl\u00f8d og velplejet.<\/p>\n<p data-start=\"1381\" data-end=\"1573\">Mandelolie har en let konsistens og absorberes hurtigt uden at efterlade en fedtet fornemmelse, hvilket g\u00f8r den velegnet til b\u00e5de dag- og natcremer. Den er mild og velegnet til sensitiv hud.<\/p>\n<p data-start=\"1575\" data-end=\"1791\">Mandelolie er ogs\u00e5 rig p\u00e5 E-vitamin, en antioxidant, der hj\u00e6lper med at beskytte huden mod ydre p\u00e5virkninger. Den anvendes ofte i hudplejeprodukter, hvor den bidrager til at opretholde hudens naturlige fugtbalance.<\/p>\n<p data-start=\"1561\" data-end=\"1806\">Kun til udvortes brug<\/p>\n<p><a href=\"https:\/\/beenu.dk\/index.php\/bivokscreme\/\">L\u00e6s mere om bivoks her<\/a><\/p>\n","protected":false},"excerpt":{"rendered":"<p>Pebermynte<\/p>\n<p>100 ml<\/p>\n","protected":false},"featured_media":853,"comment_status":"open","ping_status":"closed","template":"","meta":{"site-sidebar-layout":"default","site-content-layout":"","ast-site-content-layout":"default","site-content-style":"default","site-sidebar-style":"default","ast-global-header-display":"","ast-banner-title-visibility":"","ast-main-header-display":"","ast-hfb-above-header-display":"","ast-hfb-below-header-display":"","ast-hfb-mobile-header-display":"","site-post-title":"","ast-breadcrumbs-content":"","ast-featured-img":"","footer-sml-layout":"","theme-transparent-header-meta":"default","adv-header-id-meta":"","stick-header-meta":"","header-above-stick-meta":"","header-main-stick-meta":"","header-below-stick-meta":"","astra-migrate-meta-layouts":"set","ast-page-background-enabled":"default","ast-page-background-meta":{"desktop":{"background-color":"var(--ast-global-color-4)","background-image":"","background-repeat":"repeat","background-position":"center center","background-size":"auto","background-attachment":"scroll","background-type":"","background-media":"","overlay-type":"","overlay-color":"","overlay-opacity":"","overlay-gradient":""},"tablet":{"background-color":"","background-image":"","background-repeat":"repeat","background-position":"center center","background-size":"auto","background-attachment":"scroll","background-type":"","background-media":"","overlay-type":"","overlay-color":"","overlay-opacity":"","overlay-gradient":""},"mobile":{"background-color":"","background-image":"","background-repeat":"repeat","background-position":"center center","background-size":"auto","background-attachment":"scroll","background-type":"","background-media":"","overlay-type":"","overlay-color":"","overlay-opacity":"","overlay-gradient":""}},"ast-content-background-meta":{"desktop":{"background-color":"var(--ast-global-color-5)","background-image":"","background-repeat":"repeat","background-position":"center center","background-size":"auto","background-attachment":"scroll","background-type":"","background-media":"","overlay-type":"","overlay-color":"","overlay-opacity":"","overlay-gradient":""},"tablet":{"background-color":"var(--ast-global-color-5)","background-image":"","background-repeat":"repeat","background-position":"center center","background-size":"auto","background-attachment":"scroll","background-type":"","background-media":"","overlay-type":"","overlay-color":"","overlay-opacity":"","overlay-gradient":""},"mobile":{"background-color":"var(--ast-global-color-5)","background-image":"","background-repeat":"repeat","background-position":"center center","background-size":"auto","background-attachment":"scroll","background-type":"","background-media":"","overlay-type":"","overlay-color":"","overlay-opacity":"","overlay-gradient":""}}},"product_brand":[],"product_cat":[20],"product_tag":[],"class_list":{"0":"post-855","1":"product","2":"type-product","3":"status-publish","4":"has-post-thumbnail","6":"product_cat-bivokscreme","7":"desktop-align-center","8":"tablet-align-center","9":"mobile-align-center","11":"first","12":"instock","13":"taxable","14":"shipping-taxable","15":"purchasable","16":"product-type-simple"},"yoast_head":"<!-- This site is optimized with the Yoast SEO plugin v27.4 - https:\/\/yoast.com\/product\/yoast-seo-wordpress\/ -->\n<title>Vitalitet - Beenu<\/title>\n<meta name=\"robots\" content=\"index, follow, max-snippet:-1, max-image-preview:large, max-video-preview:-1\" \/>\n<link rel=\"canonical\" href=\"https:\/\/beenu.dk\/index.php\/vare\/vitalitet-100ml\/\" \/>\n<meta property=\"og:locale\" content=\"da_DK\" \/>\n<meta property=\"og:type\" content=\"article\" \/>\n<meta property=\"og:title\" content=\"Vitalitet - Beenu\" \/>\n<meta property=\"og:description\" content=\"Pebermynte  100 ml\" \/>\n<meta property=\"og:url\" content=\"https:\/\/beenu.dk\/index.php\/vare\/vitalitet-100ml\/\" \/>\n<meta property=\"og:site_name\" content=\"Beenu\" \/>\n<meta property=\"article:publisher\" content=\"https:\/\/www.facebook.com\/ceciliavicktoria\" \/>\n<meta property=\"article:modified_time\" content=\"2026-03-06T11:48:00+00:00\" \/>\n<meta property=\"og:image\" content=\"https:\/\/beenu.dk\/wp-content\/uploads\/2025\/07\/vitalitet-rotated-e1752133039206.jpeg\" \/>\n\t<meta property=\"og:image:width\" content=\"445\" \/>\n\t<meta property=\"og:image:height\" content=\"445\" \/>\n\t<meta property=\"og:image:type\" content=\"image\/jpeg\" \/>\n<meta name=\"twitter:card\" content=\"summary_large_image\" \/>\n<meta name=\"twitter:label1\" content=\"Estimeret l\u00e6setid\" \/>\n\t<meta name=\"twitter:data1\" content=\"3 minutter\" \/>\n<script type=\"application\/ld+json\" class=\"yoast-schema-graph\">{\"@context\":\"https:\\\/\\\/schema.org\",\"@graph\":[{\"@type\":\"WebPage\",\"@id\":\"https:\\\/\\\/beenu.dk\\\/index.php\\\/vare\\\/vitalitet-100ml\\\/\",\"url\":\"https:\\\/\\\/beenu.dk\\\/index.php\\\/vare\\\/vitalitet-100ml\\\/\",\"name\":\"Vitalitet - Beenu\",\"isPartOf\":{\"@id\":\"https:\\\/\\\/beenu.dk\\\/#website\"},\"primaryImageOfPage\":{\"@id\":\"https:\\\/\\\/beenu.dk\\\/index.php\\\/vare\\\/vitalitet-100ml\\\/#primaryimage\"},\"image\":{\"@id\":\"https:\\\/\\\/beenu.dk\\\/index.php\\\/vare\\\/vitalitet-100ml\\\/#primaryimage\"},\"thumbnailUrl\":\"https:\\\/\\\/beenu.dk\\\/wp-content\\\/uploads\\\/2025\\\/07\\\/vitalitet-rotated-e1752133039206.jpeg\",\"datePublished\":\"2025-07-10T07:36:35+00:00\",\"dateModified\":\"2026-03-06T11:48:00+00:00\",\"breadcrumb\":{\"@id\":\"https:\\\/\\\/beenu.dk\\\/index.php\\\/vare\\\/vitalitet-100ml\\\/#breadcrumb\"},\"inLanguage\":\"da-DK\",\"potentialAction\":[{\"@type\":\"ReadAction\",\"target\":[\"https:\\\/\\\/beenu.dk\\\/index.php\\\/vare\\\/vitalitet-100ml\\\/\"]}]},{\"@type\":\"ImageObject\",\"inLanguage\":\"da-DK\",\"@id\":\"https:\\\/\\\/beenu.dk\\\/index.php\\\/vare\\\/vitalitet-100ml\\\/#primaryimage\",\"url\":\"https:\\\/\\\/beenu.dk\\\/wp-content\\\/uploads\\\/2025\\\/07\\\/vitalitet-rotated-e1752133039206.jpeg\",\"contentUrl\":\"https:\\\/\\\/beenu.dk\\\/wp-content\\\/uploads\\\/2025\\\/07\\\/vitalitet-rotated-e1752133039206.jpeg\",\"width\":445,\"height\":445,\"caption\":\"Fugtgivende bivokscreme Vitalitet med pebermynte\"},{\"@type\":\"BreadcrumbList\",\"@id\":\"https:\\\/\\\/beenu.dk\\\/index.php\\\/vare\\\/vitalitet-100ml\\\/#breadcrumb\",\"itemListElement\":[{\"@type\":\"ListItem\",\"position\":1,\"name\":\"Hjem\",\"item\":\"https:\\\/\\\/beenu.dk\\\/\"},{\"@type\":\"ListItem\",\"position\":2,\"name\":\"Shop\",\"item\":\"https:\\\/\\\/beenu.dk\\\/index.php\\\/shop\\\/\"},{\"@type\":\"ListItem\",\"position\":3,\"name\":\"Vitalitet\"}]},{\"@type\":\"WebSite\",\"@id\":\"https:\\\/\\\/beenu.dk\\\/#website\",\"url\":\"https:\\\/\\\/beenu.dk\\\/\",\"name\":\"Beenu\",\"description\":\"Bivokscreme - Et rent naturprodukt\",\"publisher\":{\"@id\":\"https:\\\/\\\/beenu.dk\\\/#organization\"},\"potentialAction\":[{\"@type\":\"SearchAction\",\"target\":{\"@type\":\"EntryPoint\",\"urlTemplate\":\"https:\\\/\\\/beenu.dk\\\/?s={search_term_string}\"},\"query-input\":{\"@type\":\"PropertyValueSpecification\",\"valueRequired\":true,\"valueName\":\"search_term_string\"}}],\"inLanguage\":\"da-DK\"},{\"@type\":\"Organization\",\"@id\":\"https:\\\/\\\/beenu.dk\\\/#organization\",\"name\":\"Beenu\",\"url\":\"https:\\\/\\\/beenu.dk\\\/\",\"logo\":{\"@type\":\"ImageObject\",\"inLanguage\":\"da-DK\",\"@id\":\"https:\\\/\\\/beenu.dk\\\/#\\\/schema\\\/logo\\\/image\\\/\",\"url\":\"https:\\\/\\\/beenu.dk\\\/wp-content\\\/uploads\\\/2024\\\/10\\\/cropped-cecilialogomed.png\",\"contentUrl\":\"https:\\\/\\\/beenu.dk\\\/wp-content\\\/uploads\\\/2024\\\/10\\\/cropped-cecilialogomed.png\",\"width\":856,\"height\":856,\"caption\":\"Beenu\"},\"image\":{\"@id\":\"https:\\\/\\\/beenu.dk\\\/#\\\/schema\\\/logo\\\/image\\\/\"},\"sameAs\":[\"https:\\\/\\\/www.facebook.com\\\/ceciliavicktoria\",\"https:\\\/\\\/www.instagram.com\\\/cecilia.karlsen\\\/\"]}]}<\/script>\n<!-- \/ Yoast SEO plugin. -->","yoast_head_json":{"title":"Vitalitet - Beenu","robots":{"index":"index","follow":"follow","max-snippet":"max-snippet:-1","max-image-preview":"max-image-preview:large","max-video-preview":"max-video-preview:-1"},"canonical":"https:\/\/beenu.dk\/index.php\/vare\/vitalitet-100ml\/","og_locale":"da_DK","og_type":"article","og_title":"Vitalitet - Beenu","og_description":"Pebermynte  100 ml","og_url":"https:\/\/beenu.dk\/index.php\/vare\/vitalitet-100ml\/","og_site_name":"Beenu","article_publisher":"https:\/\/www.facebook.com\/ceciliavicktoria","article_modified_time":"2026-03-06T11:48:00+00:00","og_image":[{"width":445,"height":445,"url":"https:\/\/beenu.dk\/wp-content\/uploads\/2025\/07\/vitalitet-rotated-e1752133039206.jpeg","type":"image\/jpeg"}],"twitter_card":"summary_large_image","twitter_misc":{"Estimeret l\u00e6setid":"3 minutter"},"schema":{"@context":"https:\/\/schema.org","@graph":[{"@type":"WebPage","@id":"https:\/\/beenu.dk\/index.php\/vare\/vitalitet-100ml\/","url":"https:\/\/beenu.dk\/index.php\/vare\/vitalitet-100ml\/","name":"Vitalitet - Beenu","isPartOf":{"@id":"https:\/\/beenu.dk\/#website"},"primaryImageOfPage":{"@id":"https:\/\/beenu.dk\/index.php\/vare\/vitalitet-100ml\/#primaryimage"},"image":{"@id":"https:\/\/beenu.dk\/index.php\/vare\/vitalitet-100ml\/#primaryimage"},"thumbnailUrl":"https:\/\/beenu.dk\/wp-content\/uploads\/2025\/07\/vitalitet-rotated-e1752133039206.jpeg","datePublished":"2025-07-10T07:36:35+00:00","dateModified":"2026-03-06T11:48:00+00:00","breadcrumb":{"@id":"https:\/\/beenu.dk\/index.php\/vare\/vitalitet-100ml\/#breadcrumb"},"inLanguage":"da-DK","potentialAction":[{"@type":"ReadAction","target":["https:\/\/beenu.dk\/index.php\/vare\/vitalitet-100ml\/"]}]},{"@type":"ImageObject","inLanguage":"da-DK","@id":"https:\/\/beenu.dk\/index.php\/vare\/vitalitet-100ml\/#primaryimage","url":"https:\/\/beenu.dk\/wp-content\/uploads\/2025\/07\/vitalitet-rotated-e1752133039206.jpeg","contentUrl":"https:\/\/beenu.dk\/wp-content\/uploads\/2025\/07\/vitalitet-rotated-e1752133039206.jpeg","width":445,"height":445,"caption":"Fugtgivende bivokscreme Vitalitet med pebermynte"},{"@type":"BreadcrumbList","@id":"https:\/\/beenu.dk\/index.php\/vare\/vitalitet-100ml\/#breadcrumb","itemListElement":[{"@type":"ListItem","position":1,"name":"Hjem","item":"https:\/\/beenu.dk\/"},{"@type":"ListItem","position":2,"name":"Shop","item":"https:\/\/beenu.dk\/index.php\/shop\/"},{"@type":"ListItem","position":3,"name":"Vitalitet"}]},{"@type":"WebSite","@id":"https:\/\/beenu.dk\/#website","url":"https:\/\/beenu.dk\/","name":"Beenu","description":"Bivokscreme - Et rent naturprodukt","publisher":{"@id":"https:\/\/beenu.dk\/#organization"},"potentialAction":[{"@type":"SearchAction","target":{"@type":"EntryPoint","urlTemplate":"https:\/\/beenu.dk\/?s={search_term_string}"},"query-input":{"@type":"PropertyValueSpecification","valueRequired":true,"valueName":"search_term_string"}}],"inLanguage":"da-DK"},{"@type":"Organization","@id":"https:\/\/beenu.dk\/#organization","name":"Beenu","url":"https:\/\/beenu.dk\/","logo":{"@type":"ImageObject","inLanguage":"da-DK","@id":"https:\/\/beenu.dk\/#\/schema\/logo\/image\/","url":"https:\/\/beenu.dk\/wp-content\/uploads\/2024\/10\/cropped-cecilialogomed.png","contentUrl":"https:\/\/beenu.dk\/wp-content\/uploads\/2024\/10\/cropped-cecilialogomed.png","width":856,"height":856,"caption":"Beenu"},"image":{"@id":"https:\/\/beenu.dk\/#\/schema\/logo\/image\/"},"sameAs":["https:\/\/www.facebook.com\/ceciliavicktoria","https:\/\/www.instagram.com\/cecilia.karlsen\/"]}]}},"_links":{"self":[{"href":"https:\/\/beenu.dk\/index.php\/wp-json\/wp\/v2\/product\/855","targetHints":{"allow":["GET"]}}],"collection":[{"href":"https:\/\/beenu.dk\/index.php\/wp-json\/wp\/v2\/product"}],"about":[{"href":"https:\/\/beenu.dk\/index.php\/wp-json\/wp\/v2\/types\/product"}],"replies":[{"embeddable":true,"href":"https:\/\/beenu.dk\/index.php\/wp-json\/wp\/v2\/comments?post=855"}],"wp:featuredmedia":[{"embeddable":true,"href":"https:\/\/beenu.dk\/index.php\/wp-json\/wp\/v2\/media\/853"}],"wp:attachment":[{"href":"https:\/\/beenu.dk\/index.php\/wp-json\/wp\/v2\/media?parent=855"}],"wp:term":[{"taxonomy":"product_brand","embeddable":true,"href":"https:\/\/beenu.dk\/index.php\/wp-json\/wp\/v2\/product_brand?post=855"},{"taxonomy":"product_cat","embeddable":true,"href":"https:\/\/beenu.dk\/index.php\/wp-json\/wp\/v2\/product_cat?post=855"},{"taxonomy":"product_tag","embeddable":true,"href":"https:\/\/beenu.dk\/index.php\/wp-json\/wp\/v2\/product_tag?post=855"}],"curies":[{"name":"wp","href":"https:\/\/api.w.org\/{rel}","templated":true}]}}