{"id":8,"date":"2024-10-12T08:18:03","date_gmt":"2024-10-12T08:18:03","guid":{"rendered":"https:\/\/ceciliavicktoriakarlsen.com\/bivokscreme\/index.php\/kurv\/"},"modified":"2024-10-25T17:33:06","modified_gmt":"2024-10-25T17:33:06","slug":"kurv","status":"publish","type":"page","link":"https:\/\/beenu.dk\/index.php\/kurv\/","title":{"rendered":"Kurv"},"content":{"rendered":"\n<div class=\"wp-block-cover is-light\"><span aria-hidden=\"true\" class=\"wp-block-cover__background has-background-dim\" style=\"background-color:#d3cfc8\"><\/span><img loading=\"lazy\" decoding=\"async\" width=\"2560\" height=\"1920\" class=\"wp-block-cover__image-background wp-image-384\" alt=\"\" src=\"https:\/\/beenu.dk\/wp-content\/uploads\/2024\/10\/cream-4418928-scaled.jpg\" style=\"object-position:51% 100%\" data-object-fit=\"cover\" data-object-position=\"51% 100%\" srcset=\"https:\/\/beenu.dk\/wp-content\/uploads\/2024\/10\/cream-4418928-scaled.jpg 2560w, https:\/\/beenu.dk\/wp-content\/uploads\/2024\/10\/cream-4418928-scaled-900x675.jpg 900w, https:\/\/beenu.dk\/wp-content\/uploads\/2024\/10\/cream-4418928-300x225.jpg 300w, https:\/\/beenu.dk\/wp-content\/uploads\/2024\/10\/cream-4418928-1024x768.jpg 1024w, https:\/\/beenu.dk\/wp-content\/uploads\/2024\/10\/cream-4418928-768x576.jpg 768w, https:\/\/beenu.dk\/wp-content\/uploads\/2024\/10\/cream-4418928-1536x1152.jpg 1536w, https:\/\/beenu.dk\/wp-content\/uploads\/2024\/10\/cream-4418928-2048x1536.jpg 2048w\" sizes=\"auto, (max-width: 2560px) 100vw, 2560px\" \/><div class=\"wp-block-cover__inner-container is-layout-constrained wp-block-cover-is-layout-constrained\">\n<h3 class=\"wp-block-heading has-text-align-center has-ast-global-color-5-color has-text-color has-link-color has-x-large-font-size wp-elements-31540c068b709dd11d6610785c097af0\">Kurv<\/h3>\n<\/div><\/div>\n\n\n\n<div data-block-name=\"woocommerce\/cart\" class=\"wp-block-woocommerce-cart is-loading\">\n<div data-block-name=\"woocommerce\/filled-cart-block\" class=\"wp-block-woocommerce-filled-cart-block\">\n<div data-block-name=\"woocommerce\/cart-items-block\" class=\"wp-block-woocommerce-cart-items-block\">\n<div data-block-name=\"woocommerce\/cart-line-items-block\" class=\"wp-block-woocommerce-cart-line-items-block\"><\/div>\n\n\n\n<div data-block-name=\"woocommerce\/cart-cross-sells-block\" class=\"wp-block-woocommerce-cart-cross-sells-block\">\n<h2 class=\"wp-block-heading has-large-font-size\">Du kunne m\u00e5ske v\u00e6re interesseret i&#8230;<\/h2>\n\n\n\n<div data-block-name=\"woocommerce\/cart-cross-sells-products-block\" class=\"wp-block-woocommerce-cart-cross-sells-products-block\"><\/div>\n<\/div>\n<\/div>\n\n\n\n<div data-block-name=\"woocommerce\/cart-totals-block\" class=\"wp-block-woocommerce-cart-totals-block\">\n<div data-block-name=\"woocommerce\/cart-order-summary-block\" class=\"wp-block-woocommerce-cart-order-summary-block\">\n<div data-block-name=\"woocommerce\/cart-order-summary-heading-block\" data-content=\"Samlet bel\u00f8b i kurv\" class=\"wp-block-woocommerce-cart-order-summary-heading-block\"><\/div>\n\n\n\n<div data-block-name=\"woocommerce\/cart-order-summary-coupon-form-block\" class=\"wp-block-woocommerce-cart-order-summary-coupon-form-block\"><\/div>\n\n\n\n<div data-block-name=\"woocommerce\/cart-order-summary-totals-block\" class=\"wp-block-woocommerce-cart-order-summary-totals-block\">\n<div data-block-name=\"woocommerce\/cart-order-summary-subtotal-block\" class=\"wp-block-woocommerce-cart-order-summary-subtotal-block\"><\/div>\n\n\n\n<div data-block-name=\"woocommerce\/cart-order-summary-fee-block\" class=\"wp-block-woocommerce-cart-order-summary-fee-block\"><\/div>\n\n\n\n<div data-block-name=\"woocommerce\/cart-order-summary-discount-block\" class=\"wp-block-woocommerce-cart-order-summary-discount-block\"><\/div>\n\n\n\n<div data-block-name=\"woocommerce\/cart-order-summary-shipping-block\" class=\"wp-block-woocommerce-cart-order-summary-shipping-block\"><\/div>\n\n\n\n<div data-block-name=\"woocommerce\/cart-order-summary-taxes-block\" class=\"wp-block-woocommerce-cart-order-summary-taxes-block\"><\/div>\n<\/div>\n<\/div>\n\n\n\n<div data-block-name=\"woocommerce\/cart-express-payment-block\" class=\"wp-block-woocommerce-cart-express-payment-block\"><\/div>\n\n\n\n<div data-block-name=\"woocommerce\/proceed-to-checkout-block\" class=\"wp-block-woocommerce-proceed-to-checkout-block\"><\/div>\n\n\n\n<div data-block-name=\"woocommerce\/cart-accepted-payment-methods-block\" class=\"wp-block-woocommerce-cart-accepted-payment-methods-block\"><\/div>\n<\/div>\n<\/div>\n\n\n\n<div data-block-name=\"woocommerce\/empty-cart-block\" class=\"wp-block-woocommerce-empty-cart-block\">\n<h2 class=\"wp-block-heading has-text-align-center with-empty-cart-icon wc-block-cart__empty-cart__title\">Din kurv er lige nu tom!<\/h2>\n\n\n\n<hr class=\"wp-block-separator has-alpha-channel-opacity is-style-dots\"\/>\n\n\n\n<h2 class=\"wp-block-heading has-text-align-center\">Ny i webshop<\/h2>\n\n\n<div data-block-name=\"woocommerce\/product-new\" data-columns=\"4\" data-rows=\"1\" class=\"wc-block-grid wp-block-product-new wp-block-woocommerce-product-new wc-block-product-new has-4-columns\"><ul class=\"wc-block-grid__products\"><li class=\"wc-block-grid__product\">\n\t\t\t\t<a href=\"https:\/\/beenu.dk\/index.php\/vare\/3-x-akupunkturbehandling\/\" class=\"wc-block-grid__product-link\">\n\t\t\t\t\t<div class=\"wc-block-grid__product-onsale\">\n\t\t\t<span aria-hidden=\"true\">Tilbud<\/span>\n\t\t\t<span class=\"screen-reader-text\">Vare p\u00e5 tilbud<\/span>\n\t\t<\/div>\n\t\t\t\t\t<div class=\"wc-block-grid__product-image\"><img loading=\"lazy\" decoding=\"async\" width=\"480\" height=\"472\" src=\"https:\/\/beenu.dk\/wp-content\/uploads\/2026\/04\/akupunktur2.jpg\" class=\"attachment-woocommerce_thumbnail size-woocommerce_thumbnail\" alt=\"3 x Akupunkturbehandling\" srcset=\"https:\/\/beenu.dk\/wp-content\/uploads\/2026\/04\/akupunktur2.jpg 480w, https:\/\/beenu.dk\/wp-content\/uploads\/2026\/04\/akupunktur2-300x295.jpg 300w\" sizes=\"auto, (max-width: 480px) 100vw, 480px\" \/><\/div>\n\t\t\t\t\t<div class=\"wc-block-grid__product-title\">3 x Akupunkturbehandling<\/div>\n\t\t\t\t<\/a>\n\t\t\t\t<div class=\"wc-block-grid__product-price price\"><del aria-hidden=\"true\"><span class=\"woocommerce-Price-amount amount\">2.550,00&nbsp;<span class=\"woocommerce-Price-currencySymbol\">kr.<\/span><\/span><\/del> <span class=\"screen-reader-text\">Den oprindelige pris var: 2.550,00&nbsp;kr..<\/span><ins aria-hidden=\"true\"><span class=\"woocommerce-Price-amount amount\">2.400,00&nbsp;<span class=\"woocommerce-Price-currencySymbol\">kr.<\/span><\/span><\/ins><span class=\"screen-reader-text\">Den aktuelle pris er: 2.400,00&nbsp;kr..<\/span><\/div>\n\t\t\t\t\n\t\t\t\t<div class=\"wp-block-button wc-block-grid__product-add-to-cart\"><a href=\"\/index.php\/wp-json\/wp\/v2\/pages\/8?add-to-cart=1011\" aria-label=\"L\u00e6g i kurv: &ldquo;3 x Akupunkturbehandling&rdquo;\" data-quantity=\"1\" data-product_id=\"1011\" data-product_sku=\"\" data-price=\"2400\" rel=\"nofollow\" class=\"wp-block-button__link  add_to_cart_button ajax_add_to_cart\">Tilf\u00f8j til kurv<\/a><\/div>\n\t\t\t<\/li><li class=\"wc-block-grid__product\">\n\t\t\t\t<a href=\"https:\/\/beenu.dk\/index.php\/vare\/vitalitet-100ml\/\" class=\"wc-block-grid__product-link\">\n\t\t\t\t\t\n\t\t\t\t\t<div class=\"wc-block-grid__product-image\"><img loading=\"lazy\" decoding=\"async\" width=\"768\" height=\"900\" src=\"https:\/\/beenu.dk\/wp-content\/uploads\/2025\/07\/vitalitet-768x900.jpeg\" class=\"attachment-woocommerce_thumbnail size-woocommerce_thumbnail\" alt=\"Fugtgivende bivokscreme Vitalitet med pebermynte\" \/><\/div>\n\t\t\t\t\t<div class=\"wc-block-grid__product-title\">Vitalitet<\/div>\n\t\t\t\t<\/a>\n\t\t\t\t<div class=\"wc-block-grid__product-price price\"><span class=\"woocommerce-Price-amount amount\">275,00&nbsp;<span class=\"woocommerce-Price-currencySymbol\">kr.<\/span><\/span><\/div>\n\t\t\t\t\n\t\t\t\t<div class=\"wp-block-button wc-block-grid__product-add-to-cart\"><a href=\"\/index.php\/wp-json\/wp\/v2\/pages\/8?add-to-cart=855\" aria-label=\"L\u00e6g i kurv: &ldquo;Vitalitet&rdquo;\" data-quantity=\"1\" data-product_id=\"855\" data-product_sku=\"\" data-price=\"275\" rel=\"nofollow\" class=\"wp-block-button__link  add_to_cart_button ajax_add_to_cart\">Tilf\u00f8j til kurv<\/a><\/div>\n\t\t\t<\/li><li class=\"wc-block-grid__product\">\n\t\t\t\t<a href=\"https:\/\/beenu.dk\/index.php\/vare\/beroligende-100ml\/\" class=\"wc-block-grid__product-link\">\n\t\t\t\t\t\n\t\t\t\t\t<div class=\"wc-block-grid__product-image\"><img loading=\"lazy\" decoding=\"async\" width=\"768\" height=\"900\" src=\"https:\/\/beenu.dk\/wp-content\/uploads\/2025\/07\/beroligende-768x900.jpeg\" class=\"attachment-woocommerce_thumbnail size-woocommerce_thumbnail\" alt=\"Naturlig hudpleje med bivoks, kokosolie og E-vitamin\" \/><\/div>\n\t\t\t\t\t<div class=\"wc-block-grid__product-title\">Beroligende<\/div>\n\t\t\t\t<\/a>\n\t\t\t\t<div class=\"wc-block-grid__product-price price\"><span class=\"woocommerce-Price-amount amount\">275,00&nbsp;<span class=\"woocommerce-Price-currencySymbol\">kr.<\/span><\/span><\/div>\n\t\t\t\t\n\t\t\t\t<div class=\"wp-block-button wc-block-grid__product-add-to-cart\"><a href=\"\/index.php\/wp-json\/wp\/v2\/pages\/8?add-to-cart=854\" aria-label=\"L\u00e6g i kurv: &ldquo;Beroligende&rdquo;\" data-quantity=\"1\" data-product_id=\"854\" data-product_sku=\"\" data-price=\"275\" rel=\"nofollow\" class=\"wp-block-button__link  add_to_cart_button ajax_add_to_cart\">Tilf\u00f8j til kurv<\/a><\/div>\n\t\t\t<\/li><li class=\"wc-block-grid__product\">\n\t\t\t\t<a href=\"https:\/\/beenu.dk\/index.php\/vare\/dulmende-100ml\/\" class=\"wc-block-grid__product-link\">\n\t\t\t\t\t\n\t\t\t\t\t<div class=\"wc-block-grid__product-image\"><img loading=\"lazy\" decoding=\"async\" width=\"900\" height=\"900\" src=\"https:\/\/beenu.dk\/wp-content\/uploads\/2025\/07\/dulmende-900x900.jpeg\" class=\"attachment-woocommerce_thumbnail size-woocommerce_thumbnail\" alt=\"\u00f8kologisk naturlig hudpleje allround kropscreme bivokssalve\" srcset=\"https:\/\/beenu.dk\/wp-content\/uploads\/2025\/07\/dulmende-900x900.jpeg 900w, https:\/\/beenu.dk\/wp-content\/uploads\/2025\/07\/dulmende-rotated-e1752132186449-150x150.jpeg 150w, https:\/\/beenu.dk\/wp-content\/uploads\/2025\/07\/dulmende-rotated-e1752132186449-100x100.jpeg 100w\" sizes=\"auto, (max-width: 900px) 100vw, 900px\" \/><\/div>\n\t\t\t\t\t<div class=\"wc-block-grid__product-title\">Dulmende<\/div>\n\t\t\t\t<\/a>\n\t\t\t\t<div class=\"wc-block-grid__product-price price\"><span class=\"woocommerce-Price-amount amount\">275,00&nbsp;<span class=\"woocommerce-Price-currencySymbol\">kr.<\/span><\/span><\/div>\n\t\t\t\t\n\t\t\t\t<div class=\"wp-block-button wc-block-grid__product-add-to-cart\"><a href=\"\/index.php\/wp-json\/wp\/v2\/pages\/8?add-to-cart=847\" aria-label=\"L\u00e6g i kurv: &ldquo;Dulmende&rdquo;\" data-quantity=\"1\" data-product_id=\"847\" data-product_sku=\"\" data-price=\"275\" rel=\"nofollow\" class=\"wp-block-button__link  add_to_cart_button ajax_add_to_cart\">Tilf\u00f8j til kurv<\/a><\/div>\n\t\t\t<\/li><\/ul><\/div><\/div>\n<\/div>\n","protected":false},"excerpt":{"rendered":"","protected":false},"author":1,"featured_media":0,"parent":0,"menu_order":0,"comment_status":"closed","ping_status":"closed","template":"","meta":{"site-sidebar-layout":"default","site-content-layout":"","ast-site-content-layout":"default","site-content-style":"default","site-sidebar-style":"default","ast-global-header-display":"","ast-banner-title-visibility":"","ast-main-header-display":"","ast-hfb-above-header-display":"","ast-hfb-below-header-display":"","ast-hfb-mobile-header-display":"","site-post-title":"disabled","ast-breadcrumbs-content":"","ast-featured-img":"","footer-sml-layout":"","theme-transparent-header-meta":"","adv-header-id-meta":"","stick-header-meta":"","header-above-stick-meta":"","header-main-stick-meta":"","header-below-stick-meta":"","astra-migrate-meta-layouts":"default","ast-page-background-enabled":"default","ast-page-background-meta":{"desktop":{"background-color":"var(--ast-global-color-4)","background-image":"","background-repeat":"repeat","background-position":"center center","background-size":"auto","background-attachment":"scroll","background-type":"","background-media":"","overlay-type":"","overlay-color":"","overlay-opacity":"","overlay-gradient":""},"tablet":{"background-color":"","background-image":"","background-repeat":"repeat","background-position":"center center","background-size":"auto","background-attachment":"scroll","background-type":"","background-media":"","overlay-type":"","overlay-color":"","overlay-opacity":"","overlay-gradient":""},"mobile":{"background-color":"","background-image":"","background-repeat":"repeat","background-position":"center center","background-size":"auto","background-attachment":"scroll","background-type":"","background-media":"","overlay-type":"","overlay-color":"","overlay-opacity":"","overlay-gradient":""}},"ast-content-background-meta":{"desktop":{"background-color":"var(--ast-global-color-5)","background-image":"","background-repeat":"repeat","background-position":"center center","background-size":"auto","background-attachment":"scroll","background-type":"","background-media":"","overlay-type":"","overlay-color":"","overlay-opacity":"","overlay-gradient":""},"tablet":{"background-color":"var(--ast-global-color-5)","background-image":"","background-repeat":"repeat","background-position":"center center","background-size":"auto","background-attachment":"scroll","background-type":"","background-media":"","overlay-type":"","overlay-color":"","overlay-opacity":"","overlay-gradient":""},"mobile":{"background-color":"var(--ast-global-color-5)","background-image":"","background-repeat":"repeat","background-position":"center center","background-size":"auto","background-attachment":"scroll","background-type":"","background-media":"","overlay-type":"","overlay-color":"","overlay-opacity":"","overlay-gradient":""}},"footnotes":""},"class_list":["post-8","page","type-page","status-publish","hentry"],"yoast_head":"<!-- This site is optimized with the Yoast SEO plugin v27.5 - https:\/\/yoast.com\/product\/yoast-seo-wordpress\/ -->\n<title>Kurv - Beenu<\/title>\n<meta name=\"robots\" content=\"index, follow, max-snippet:-1, max-image-preview:large, max-video-preview:-1\" \/>\n<link rel=\"canonical\" href=\"https:\/\/beenu.dk\/index.php\/kurv\/\" \/>\n<meta property=\"og:locale\" content=\"da_DK\" \/>\n<meta property=\"og:type\" content=\"article\" \/>\n<meta property=\"og:title\" content=\"Kurv - Beenu\" \/>\n<meta property=\"og:url\" content=\"https:\/\/beenu.dk\/index.php\/kurv\/\" \/>\n<meta property=\"og:site_name\" content=\"Beenu\" \/>\n<meta property=\"article:publisher\" content=\"https:\/\/www.facebook.com\/ceciliavicktoria\" \/>\n<meta property=\"article:modified_time\" content=\"2024-10-25T17:33:06+00:00\" \/>\n<meta property=\"og:image\" content=\"https:\/\/beenu.dk\/wp-content\/uploads\/2024\/10\/cream-4418928-scaled.jpg\" \/>\n\t<meta property=\"og:image:width\" content=\"2560\" \/>\n\t<meta property=\"og:image:height\" content=\"1920\" \/>\n\t<meta property=\"og:image:type\" content=\"image\/jpeg\" \/>\n<meta name=\"twitter:card\" content=\"summary_large_image\" \/>\n<meta name=\"twitter:label1\" content=\"Estimeret l\u00e6setid\" \/>\n\t<meta name=\"twitter:data1\" content=\"1 minut\" \/>\n<script type=\"application\/ld+json\" class=\"yoast-schema-graph\">{\"@context\":\"https:\\\/\\\/schema.org\",\"@graph\":[{\"@type\":\"WebPage\",\"@id\":\"https:\\\/\\\/beenu.dk\\\/index.php\\\/kurv\\\/\",\"url\":\"https:\\\/\\\/beenu.dk\\\/index.php\\\/kurv\\\/\",\"name\":\"Kurv - Beenu\",\"isPartOf\":{\"@id\":\"https:\\\/\\\/beenu.dk\\\/#website\"},\"primaryImageOfPage\":{\"@id\":\"https:\\\/\\\/beenu.dk\\\/index.php\\\/kurv\\\/#primaryimage\"},\"image\":{\"@id\":\"https:\\\/\\\/beenu.dk\\\/index.php\\\/kurv\\\/#primaryimage\"},\"thumbnailUrl\":\"https:\\\/\\\/beenu.dk\\\/wp-content\\\/uploads\\\/2024\\\/10\\\/cream-4418928-scaled.jpg\",\"datePublished\":\"2024-10-12T08:18:03+00:00\",\"dateModified\":\"2024-10-25T17:33:06+00:00\",\"breadcrumb\":{\"@id\":\"https:\\\/\\\/beenu.dk\\\/index.php\\\/kurv\\\/#breadcrumb\"},\"inLanguage\":\"da-DK\",\"potentialAction\":[{\"@type\":\"ReadAction\",\"target\":[\"https:\\\/\\\/beenu.dk\\\/index.php\\\/kurv\\\/\"]}]},{\"@type\":\"ImageObject\",\"inLanguage\":\"da-DK\",\"@id\":\"https:\\\/\\\/beenu.dk\\\/index.php\\\/kurv\\\/#primaryimage\",\"url\":\"https:\\\/\\\/beenu.dk\\\/wp-content\\\/uploads\\\/2024\\\/10\\\/cream-4418928-scaled.jpg\",\"contentUrl\":\"https:\\\/\\\/beenu.dk\\\/wp-content\\\/uploads\\\/2024\\\/10\\\/cream-4418928-scaled.jpg\",\"width\":2560,\"height\":1920,\"caption\":\"Bivokscreme alle hudtyper naturlig fugt beskyttelse Naturlig bivokscreme h\u00e5ndr\u00f8rt i Danmark fugtgivende \u00d8kologisk bivoks hudpleje sensitiv hud daglig rutine\"},{\"@type\":\"BreadcrumbList\",\"@id\":\"https:\\\/\\\/beenu.dk\\\/index.php\\\/kurv\\\/#breadcrumb\",\"itemListElement\":[{\"@type\":\"ListItem\",\"position\":1,\"name\":\"Hjem\",\"item\":\"https:\\\/\\\/beenu.dk\\\/\"},{\"@type\":\"ListItem\",\"position\":2,\"name\":\"Kurv\"}]},{\"@type\":\"WebSite\",\"@id\":\"https:\\\/\\\/beenu.dk\\\/#website\",\"url\":\"https:\\\/\\\/beenu.dk\\\/\",\"name\":\"Beenu\",\"description\":\"Bivokscreme - Et rent naturprodukt\",\"publisher\":{\"@id\":\"https:\\\/\\\/beenu.dk\\\/#organization\"},\"potentialAction\":[{\"@type\":\"SearchAction\",\"target\":{\"@type\":\"EntryPoint\",\"urlTemplate\":\"https:\\\/\\\/beenu.dk\\\/?s={search_term_string}\"},\"query-input\":{\"@type\":\"PropertyValueSpecification\",\"valueRequired\":true,\"valueName\":\"search_term_string\"}}],\"inLanguage\":\"da-DK\"},{\"@type\":\"Organization\",\"@id\":\"https:\\\/\\\/beenu.dk\\\/#organization\",\"name\":\"Beenu\",\"url\":\"https:\\\/\\\/beenu.dk\\\/\",\"logo\":{\"@type\":\"ImageObject\",\"inLanguage\":\"da-DK\",\"@id\":\"https:\\\/\\\/beenu.dk\\\/#\\\/schema\\\/logo\\\/image\\\/\",\"url\":\"https:\\\/\\\/beenu.dk\\\/wp-content\\\/uploads\\\/2024\\\/10\\\/cropped-cecilialogomed.png\",\"contentUrl\":\"https:\\\/\\\/beenu.dk\\\/wp-content\\\/uploads\\\/2024\\\/10\\\/cropped-cecilialogomed.png\",\"width\":856,\"height\":856,\"caption\":\"Beenu\"},\"image\":{\"@id\":\"https:\\\/\\\/beenu.dk\\\/#\\\/schema\\\/logo\\\/image\\\/\"},\"sameAs\":[\"https:\\\/\\\/www.facebook.com\\\/ceciliavicktoria\",\"https:\\\/\\\/www.instagram.com\\\/cecilia.karlsen\\\/\"]}]}<\/script>\n<!-- \/ Yoast SEO plugin. -->","yoast_head_json":{"title":"Kurv - Beenu","robots":{"index":"index","follow":"follow","max-snippet":"max-snippet:-1","max-image-preview":"max-image-preview:large","max-video-preview":"max-video-preview:-1"},"canonical":"https:\/\/beenu.dk\/index.php\/kurv\/","og_locale":"da_DK","og_type":"article","og_title":"Kurv - Beenu","og_url":"https:\/\/beenu.dk\/index.php\/kurv\/","og_site_name":"Beenu","article_publisher":"https:\/\/www.facebook.com\/ceciliavicktoria","article_modified_time":"2024-10-25T17:33:06+00:00","og_image":[{"width":2560,"height":1920,"url":"https:\/\/beenu.dk\/wp-content\/uploads\/2024\/10\/cream-4418928-scaled.jpg","type":"image\/jpeg"}],"twitter_card":"summary_large_image","twitter_misc":{"Estimeret l\u00e6setid":"1 minut"},"schema":{"@context":"https:\/\/schema.org","@graph":[{"@type":"WebPage","@id":"https:\/\/beenu.dk\/index.php\/kurv\/","url":"https:\/\/beenu.dk\/index.php\/kurv\/","name":"Kurv - Beenu","isPartOf":{"@id":"https:\/\/beenu.dk\/#website"},"primaryImageOfPage":{"@id":"https:\/\/beenu.dk\/index.php\/kurv\/#primaryimage"},"image":{"@id":"https:\/\/beenu.dk\/index.php\/kurv\/#primaryimage"},"thumbnailUrl":"https:\/\/beenu.dk\/wp-content\/uploads\/2024\/10\/cream-4418928-scaled.jpg","datePublished":"2024-10-12T08:18:03+00:00","dateModified":"2024-10-25T17:33:06+00:00","breadcrumb":{"@id":"https:\/\/beenu.dk\/index.php\/kurv\/#breadcrumb"},"inLanguage":"da-DK","potentialAction":[{"@type":"ReadAction","target":["https:\/\/beenu.dk\/index.php\/kurv\/"]}]},{"@type":"ImageObject","inLanguage":"da-DK","@id":"https:\/\/beenu.dk\/index.php\/kurv\/#primaryimage","url":"https:\/\/beenu.dk\/wp-content\/uploads\/2024\/10\/cream-4418928-scaled.jpg","contentUrl":"https:\/\/beenu.dk\/wp-content\/uploads\/2024\/10\/cream-4418928-scaled.jpg","width":2560,"height":1920,"caption":"Bivokscreme alle hudtyper naturlig fugt beskyttelse Naturlig bivokscreme h\u00e5ndr\u00f8rt i Danmark fugtgivende \u00d8kologisk bivoks hudpleje sensitiv hud daglig rutine"},{"@type":"BreadcrumbList","@id":"https:\/\/beenu.dk\/index.php\/kurv\/#breadcrumb","itemListElement":[{"@type":"ListItem","position":1,"name":"Hjem","item":"https:\/\/beenu.dk\/"},{"@type":"ListItem","position":2,"name":"Kurv"}]},{"@type":"WebSite","@id":"https:\/\/beenu.dk\/#website","url":"https:\/\/beenu.dk\/","name":"Beenu","description":"Bivokscreme - Et rent naturprodukt","publisher":{"@id":"https:\/\/beenu.dk\/#organization"},"potentialAction":[{"@type":"SearchAction","target":{"@type":"EntryPoint","urlTemplate":"https:\/\/beenu.dk\/?s={search_term_string}"},"query-input":{"@type":"PropertyValueSpecification","valueRequired":true,"valueName":"search_term_string"}}],"inLanguage":"da-DK"},{"@type":"Organization","@id":"https:\/\/beenu.dk\/#organization","name":"Beenu","url":"https:\/\/beenu.dk\/","logo":{"@type":"ImageObject","inLanguage":"da-DK","@id":"https:\/\/beenu.dk\/#\/schema\/logo\/image\/","url":"https:\/\/beenu.dk\/wp-content\/uploads\/2024\/10\/cropped-cecilialogomed.png","contentUrl":"https:\/\/beenu.dk\/wp-content\/uploads\/2024\/10\/cropped-cecilialogomed.png","width":856,"height":856,"caption":"Beenu"},"image":{"@id":"https:\/\/beenu.dk\/#\/schema\/logo\/image\/"},"sameAs":["https:\/\/www.facebook.com\/ceciliavicktoria","https:\/\/www.instagram.com\/cecilia.karlsen\/"]}]}},"_links":{"self":[{"href":"https:\/\/beenu.dk\/index.php\/wp-json\/wp\/v2\/pages\/8","targetHints":{"allow":["GET"]}}],"collection":[{"href":"https:\/\/beenu.dk\/index.php\/wp-json\/wp\/v2\/pages"}],"about":[{"href":"https:\/\/beenu.dk\/index.php\/wp-json\/wp\/v2\/types\/page"}],"author":[{"embeddable":true,"href":"https:\/\/beenu.dk\/index.php\/wp-json\/wp\/v2\/users\/1"}],"replies":[{"embeddable":true,"href":"https:\/\/beenu.dk\/index.php\/wp-json\/wp\/v2\/comments?post=8"}],"version-history":[{"count":4,"href":"https:\/\/beenu.dk\/index.php\/wp-json\/wp\/v2\/pages\/8\/revisions"}],"predecessor-version":[{"id":519,"href":"https:\/\/beenu.dk\/index.php\/wp-json\/wp\/v2\/pages\/8\/revisions\/519"}],"wp:attachment":[{"href":"https:\/\/beenu.dk\/index.php\/wp-json\/wp\/v2\/media?parent=8"}],"curies":[{"name":"wp","href":"https:\/\/api.w.org\/{rel}","templated":true}]}}