{"id":245,"date":"2024-10-16T15:17:32","date_gmt":"2024-10-16T15:17:32","guid":{"rendered":"https:\/\/beenu.dk\/?page_id=245"},"modified":"2025-03-12T13:51:43","modified_gmt":"2025-03-12T13:51:43","slug":"om-mig","status":"publish","type":"page","link":"https:\/\/beenu.dk\/index.php\/om-mig\/","title":{"rendered":"Om mig &#8211; Cecilia Vicktoria Karlsen"},"content":{"rendered":"\n<div class=\"wp-block-cover is-light\"><span aria-hidden=\"true\" class=\"wp-block-cover__background has-background-dim\" style=\"background-color:#d3cfc8\"><\/span><img loading=\"lazy\" decoding=\"async\" width=\"2560\" height=\"1920\" class=\"wp-block-cover__image-background wp-image-384\" alt=\"\" src=\"https:\/\/beenu.dk\/wp-content\/uploads\/2024\/10\/cream-4418928-scaled.jpg\" data-object-fit=\"cover\" srcset=\"https:\/\/beenu.dk\/wp-content\/uploads\/2024\/10\/cream-4418928-scaled.jpg 2560w, https:\/\/beenu.dk\/wp-content\/uploads\/2024\/10\/cream-4418928-scaled-900x675.jpg 900w, https:\/\/beenu.dk\/wp-content\/uploads\/2024\/10\/cream-4418928-300x225.jpg 300w, https:\/\/beenu.dk\/wp-content\/uploads\/2024\/10\/cream-4418928-1024x768.jpg 1024w, https:\/\/beenu.dk\/wp-content\/uploads\/2024\/10\/cream-4418928-768x576.jpg 768w, https:\/\/beenu.dk\/wp-content\/uploads\/2024\/10\/cream-4418928-1536x1152.jpg 1536w, https:\/\/beenu.dk\/wp-content\/uploads\/2024\/10\/cream-4418928-2048x1536.jpg 2048w\" sizes=\"auto, (max-width: 2560px) 100vw, 2560px\" \/><div class=\"wp-block-cover__inner-container is-layout-constrained wp-block-cover-is-layout-constrained\">\n<div class=\"wp-block-group is-content-justification-center is-nowrap is-layout-flex wp-container-core-group-is-layout-23441af8 wp-block-group-is-layout-flex\">\n<figure class=\"wp-block-image aligncenter size-full is-resized has-custom-border\"><img loading=\"lazy\" decoding=\"async\" width=\"480\" height=\"640\" src=\"https:\/\/beenu.dk\/wp-content\/uploads\/2024\/10\/avatar-6-rotated.jpg\" alt=\"\" class=\"wp-image-261\" style=\"border-radius:100px;aspect-ratio:1;object-fit:cover;width:195px;height:auto\" srcset=\"https:\/\/beenu.dk\/wp-content\/uploads\/2024\/10\/avatar-6-rotated.jpg 480w, https:\/\/beenu.dk\/wp-content\/uploads\/2024\/10\/avatar-6-rotated-200x267.jpg 200w, https:\/\/beenu.dk\/wp-content\/uploads\/2024\/10\/avatar-6-225x300.jpg 225w\" sizes=\"auto, (max-width: 480px) 100vw, 480px\" \/><\/figure>\n<\/div>\n\n\n\n<h3 class=\"wp-block-heading has-text-align-center has-ast-global-color-5-color has-text-color has-link-color has-x-large-font-size wp-elements-c81065f9544a9480b409c7452cc7bb66\">Cecilia Vicktoria Karlsen<\/h3>\n<\/div><\/div>\n\n\n\n<p><\/p>\n\n\n\n<p>Min interesse for naturlige produkter har f\u00f8rt mig til at begynde at lave bivokscremer til eget brug. Jeg er arbejder som behandler, og mine klienter har ofte spurgt, om de kunne k\u00f8be mine cremer, og den eftersp\u00f8rgsel har inspireret mig til at dele mine kreationer med et bredere publikum. <\/p>\n\n\n\n<p>I min praksis som behandler har jeg observeret, at regelm\u00e6ssig brug af mine cremer kan bidrage til at opretholde hudens naturlige forsvar.  Jeg tror p\u00e5, at naturlige ingredienser kan g\u00f8re en forskel for b\u00e5de krop og sind, og det er denne overbevisning, der driver mig i arbejdet med mine produkter.<\/p>\n\n\n\n<p>Her i <a href=\"https:\/\/beenu.dk\/index.php\/shop\/\">shoppen<\/a> finder du de cremer, jeg selv bruger i mine behandlinger. Hver enkelt creme er fremstillet med omtanke og k\u00e6rlighed, og jeg h\u00e5ber, at de kan bringe lige s\u00e5 meget velv\u00e6re og pleje ind i dit liv, som de g\u00f8r i mit.<\/p>\n\n\n\n<p>Jeg er uddannet zoneterapeut, babyzoneterapeut, ansigtszoneterapeut, mass\u00f8r og akupunkt\u00f8r. Jeg er uddannet p\u00e5 Zoneterapiskolen Logos i Aarhus og har suppleret med viden inden for sygdomsl\u00e6re, anatomi, fysiologi og sundhedspsykologi fra Karsten Munk Akademiet.  <a href=\"https:\/\/ceciliavicktoriakarlsen.com\/\">Se mere om mine behandlinger.<\/a><\/p>\n\n\n\n<p>Min akupunkt\u00f8r uddannelse er fra Danmarks Akupunkturuddannelse i Odder. Jeg er RAB registreret behandler.  <a href=\"https:\/\/stps.dk\/sundhedsfaglig\/registrering\/registreringsordning-for-alternative-behandlere-rab\">Se mere om RAB-registrering<\/a>.<\/p>\n\n\n\n<p>Jeg ser frem til at dele min passion for naturlig hudpleje med dig!<\/p>\n\n\n\n<p><\/p>\n\n\n\n<p><\/p>\n\n\n\n<p><\/p>\n\n\n\n<p><\/p>\n\n\n\n<p><\/p>\n","protected":false},"excerpt":{"rendered":"<p>Min interesse for naturlige produkter har f\u00f8rt mig til at begynde at lave bivokscremer til eget brug. Jeg er arbejder [&hellip;]<\/p>\n","protected":false},"author":1,"featured_media":0,"parent":0,"menu_order":0,"comment_status":"closed","ping_status":"closed","template":"","meta":{"site-sidebar-layout":"default","site-content-layout":"","ast-site-content-layout":"default","site-content-style":"default","site-sidebar-style":"default","ast-global-header-display":"","ast-banner-title-visibility":"","ast-main-header-display":"","ast-hfb-above-header-display":"","ast-hfb-below-header-display":"","ast-hfb-mobile-header-display":"","site-post-title":"disabled","ast-breadcrumbs-content":"","ast-featured-img":"","footer-sml-layout":"","theme-transparent-header-meta":"","adv-header-id-meta":"","stick-header-meta":"","header-above-stick-meta":"","header-main-stick-meta":"","header-below-stick-meta":"","astra-migrate-meta-layouts":"default","ast-page-background-enabled":"default","ast-page-background-meta":{"desktop":{"background-color":"var(--ast-global-color-4)","background-image":"","background-repeat":"repeat","background-position":"center center","background-size":"auto","background-attachment":"scroll","background-type":"","background-media":"","overlay-type":"","overlay-color":"","overlay-opacity":"","overlay-gradient":""},"tablet":{"background-color":"","background-image":"","background-repeat":"repeat","background-position":"center center","background-size":"auto","background-attachment":"scroll","background-type":"","background-media":"","overlay-type":"","overlay-color":"","overlay-opacity":"","overlay-gradient":""},"mobile":{"background-color":"","background-image":"","background-repeat":"repeat","background-position":"center center","background-size":"auto","background-attachment":"scroll","background-type":"","background-media":"","overlay-type":"","overlay-color":"","overlay-opacity":"","overlay-gradient":""}},"ast-content-background-meta":{"desktop":{"background-color":"var(--ast-global-color-5)","background-image":"","background-repeat":"repeat","background-position":"center center","background-size":"auto","background-attachment":"scroll","background-type":"","background-media":"","overlay-type":"","overlay-color":"","overlay-opacity":"","overlay-gradient":""},"tablet":{"background-color":"var(--ast-global-color-5)","background-image":"","background-repeat":"repeat","background-position":"center center","background-size":"auto","background-attachment":"scroll","background-type":"","background-media":"","overlay-type":"","overlay-color":"","overlay-opacity":"","overlay-gradient":""},"mobile":{"background-color":"var(--ast-global-color-5)","background-image":"","background-repeat":"repeat","background-position":"center center","background-size":"auto","background-attachment":"scroll","background-type":"","background-media":"","overlay-type":"","overlay-color":"","overlay-opacity":"","overlay-gradient":""}},"footnotes":""},"class_list":["post-245","page","type-page","status-publish","hentry"],"yoast_head":"<!-- This site is optimized with the Yoast SEO plugin v27.4 - https:\/\/yoast.com\/product\/yoast-seo-wordpress\/ -->\n<title>Om mig - Cecilia Vicktoria Karlsen - Beenu<\/title>\n<meta name=\"robots\" content=\"index, follow, max-snippet:-1, max-image-preview:large, max-video-preview:-1\" \/>\n<link rel=\"canonical\" href=\"https:\/\/beenu.dk\/index.php\/om-mig\/\" \/>\n<meta property=\"og:locale\" content=\"da_DK\" \/>\n<meta property=\"og:type\" content=\"article\" \/>\n<meta property=\"og:title\" content=\"Om mig - Cecilia Vicktoria Karlsen - Beenu\" \/>\n<meta property=\"og:description\" content=\"Min interesse for naturlige produkter har f\u00f8rt mig til at begynde at lave bivokscremer til eget brug. Jeg er arbejder [&hellip;]\" \/>\n<meta property=\"og:url\" content=\"https:\/\/beenu.dk\/index.php\/om-mig\/\" \/>\n<meta property=\"og:site_name\" content=\"Beenu\" \/>\n<meta property=\"article:publisher\" content=\"https:\/\/www.facebook.com\/ceciliavicktoria\" \/>\n<meta property=\"article:modified_time\" content=\"2025-03-12T13:51:43+00:00\" \/>\n<meta property=\"og:image\" content=\"https:\/\/beenu.dk\/wp-content\/uploads\/2024\/10\/cream-4418928-scaled.jpg\" \/>\n\t<meta property=\"og:image:width\" content=\"2560\" \/>\n\t<meta property=\"og:image:height\" content=\"1920\" \/>\n\t<meta property=\"og:image:type\" content=\"image\/jpeg\" \/>\n<meta name=\"twitter:card\" content=\"summary_large_image\" \/>\n<meta name=\"twitter:label1\" content=\"Estimeret l\u00e6setid\" \/>\n\t<meta name=\"twitter:data1\" content=\"2 minutter\" \/>\n<script type=\"application\/ld+json\" class=\"yoast-schema-graph\">{\"@context\":\"https:\\\/\\\/schema.org\",\"@graph\":[{\"@type\":\"WebPage\",\"@id\":\"https:\\\/\\\/beenu.dk\\\/index.php\\\/om-mig\\\/\",\"url\":\"https:\\\/\\\/beenu.dk\\\/index.php\\\/om-mig\\\/\",\"name\":\"Om mig - Cecilia Vicktoria Karlsen - Beenu\",\"isPartOf\":{\"@id\":\"https:\\\/\\\/beenu.dk\\\/#website\"},\"primaryImageOfPage\":{\"@id\":\"https:\\\/\\\/beenu.dk\\\/index.php\\\/om-mig\\\/#primaryimage\"},\"image\":{\"@id\":\"https:\\\/\\\/beenu.dk\\\/index.php\\\/om-mig\\\/#primaryimage\"},\"thumbnailUrl\":\"https:\\\/\\\/beenu.dk\\\/wp-content\\\/uploads\\\/2024\\\/10\\\/cream-4418928-scaled.jpg\",\"datePublished\":\"2024-10-16T15:17:32+00:00\",\"dateModified\":\"2025-03-12T13:51:43+00:00\",\"breadcrumb\":{\"@id\":\"https:\\\/\\\/beenu.dk\\\/index.php\\\/om-mig\\\/#breadcrumb\"},\"inLanguage\":\"da-DK\",\"potentialAction\":[{\"@type\":\"ReadAction\",\"target\":[\"https:\\\/\\\/beenu.dk\\\/index.php\\\/om-mig\\\/\"]}]},{\"@type\":\"ImageObject\",\"inLanguage\":\"da-DK\",\"@id\":\"https:\\\/\\\/beenu.dk\\\/index.php\\\/om-mig\\\/#primaryimage\",\"url\":\"https:\\\/\\\/beenu.dk\\\/wp-content\\\/uploads\\\/2024\\\/10\\\/cream-4418928-scaled.jpg\",\"contentUrl\":\"https:\\\/\\\/beenu.dk\\\/wp-content\\\/uploads\\\/2024\\\/10\\\/cream-4418928-scaled.jpg\",\"width\":2560,\"height\":1920,\"caption\":\"Bivokscreme alle hudtyper naturlig fugt beskyttelse Naturlig bivokscreme h\u00e5ndr\u00f8rt i Danmark fugtgivende \u00d8kologisk bivoks hudpleje sensitiv hud daglig rutine\"},{\"@type\":\"BreadcrumbList\",\"@id\":\"https:\\\/\\\/beenu.dk\\\/index.php\\\/om-mig\\\/#breadcrumb\",\"itemListElement\":[{\"@type\":\"ListItem\",\"position\":1,\"name\":\"Hjem\",\"item\":\"https:\\\/\\\/beenu.dk\\\/\"},{\"@type\":\"ListItem\",\"position\":2,\"name\":\"Om mig &#8211; Cecilia Vicktoria Karlsen\"}]},{\"@type\":\"WebSite\",\"@id\":\"https:\\\/\\\/beenu.dk\\\/#website\",\"url\":\"https:\\\/\\\/beenu.dk\\\/\",\"name\":\"Beenu\",\"description\":\"Bivokscreme - Et rent naturprodukt\",\"publisher\":{\"@id\":\"https:\\\/\\\/beenu.dk\\\/#organization\"},\"potentialAction\":[{\"@type\":\"SearchAction\",\"target\":{\"@type\":\"EntryPoint\",\"urlTemplate\":\"https:\\\/\\\/beenu.dk\\\/?s={search_term_string}\"},\"query-input\":{\"@type\":\"PropertyValueSpecification\",\"valueRequired\":true,\"valueName\":\"search_term_string\"}}],\"inLanguage\":\"da-DK\"},{\"@type\":\"Organization\",\"@id\":\"https:\\\/\\\/beenu.dk\\\/#organization\",\"name\":\"Beenu\",\"url\":\"https:\\\/\\\/beenu.dk\\\/\",\"logo\":{\"@type\":\"ImageObject\",\"inLanguage\":\"da-DK\",\"@id\":\"https:\\\/\\\/beenu.dk\\\/#\\\/schema\\\/logo\\\/image\\\/\",\"url\":\"https:\\\/\\\/beenu.dk\\\/wp-content\\\/uploads\\\/2024\\\/10\\\/cropped-cecilialogomed.png\",\"contentUrl\":\"https:\\\/\\\/beenu.dk\\\/wp-content\\\/uploads\\\/2024\\\/10\\\/cropped-cecilialogomed.png\",\"width\":856,\"height\":856,\"caption\":\"Beenu\"},\"image\":{\"@id\":\"https:\\\/\\\/beenu.dk\\\/#\\\/schema\\\/logo\\\/image\\\/\"},\"sameAs\":[\"https:\\\/\\\/www.facebook.com\\\/ceciliavicktoria\",\"https:\\\/\\\/www.instagram.com\\\/cecilia.karlsen\\\/\"]}]}<\/script>\n<!-- \/ Yoast SEO plugin. -->","yoast_head_json":{"title":"Om mig - Cecilia Vicktoria Karlsen - Beenu","robots":{"index":"index","follow":"follow","max-snippet":"max-snippet:-1","max-image-preview":"max-image-preview:large","max-video-preview":"max-video-preview:-1"},"canonical":"https:\/\/beenu.dk\/index.php\/om-mig\/","og_locale":"da_DK","og_type":"article","og_title":"Om mig - Cecilia Vicktoria Karlsen - Beenu","og_description":"Min interesse for naturlige produkter har f\u00f8rt mig til at begynde at lave bivokscremer til eget brug. Jeg er arbejder [&hellip;]","og_url":"https:\/\/beenu.dk\/index.php\/om-mig\/","og_site_name":"Beenu","article_publisher":"https:\/\/www.facebook.com\/ceciliavicktoria","article_modified_time":"2025-03-12T13:51:43+00:00","og_image":[{"width":2560,"height":1920,"url":"https:\/\/beenu.dk\/wp-content\/uploads\/2024\/10\/cream-4418928-scaled.jpg","type":"image\/jpeg"}],"twitter_card":"summary_large_image","twitter_misc":{"Estimeret l\u00e6setid":"2 minutter"},"schema":{"@context":"https:\/\/schema.org","@graph":[{"@type":"WebPage","@id":"https:\/\/beenu.dk\/index.php\/om-mig\/","url":"https:\/\/beenu.dk\/index.php\/om-mig\/","name":"Om mig - Cecilia Vicktoria Karlsen - Beenu","isPartOf":{"@id":"https:\/\/beenu.dk\/#website"},"primaryImageOfPage":{"@id":"https:\/\/beenu.dk\/index.php\/om-mig\/#primaryimage"},"image":{"@id":"https:\/\/beenu.dk\/index.php\/om-mig\/#primaryimage"},"thumbnailUrl":"https:\/\/beenu.dk\/wp-content\/uploads\/2024\/10\/cream-4418928-scaled.jpg","datePublished":"2024-10-16T15:17:32+00:00","dateModified":"2025-03-12T13:51:43+00:00","breadcrumb":{"@id":"https:\/\/beenu.dk\/index.php\/om-mig\/#breadcrumb"},"inLanguage":"da-DK","potentialAction":[{"@type":"ReadAction","target":["https:\/\/beenu.dk\/index.php\/om-mig\/"]}]},{"@type":"ImageObject","inLanguage":"da-DK","@id":"https:\/\/beenu.dk\/index.php\/om-mig\/#primaryimage","url":"https:\/\/beenu.dk\/wp-content\/uploads\/2024\/10\/cream-4418928-scaled.jpg","contentUrl":"https:\/\/beenu.dk\/wp-content\/uploads\/2024\/10\/cream-4418928-scaled.jpg","width":2560,"height":1920,"caption":"Bivokscreme alle hudtyper naturlig fugt beskyttelse Naturlig bivokscreme h\u00e5ndr\u00f8rt i Danmark fugtgivende \u00d8kologisk bivoks hudpleje sensitiv hud daglig rutine"},{"@type":"BreadcrumbList","@id":"https:\/\/beenu.dk\/index.php\/om-mig\/#breadcrumb","itemListElement":[{"@type":"ListItem","position":1,"name":"Hjem","item":"https:\/\/beenu.dk\/"},{"@type":"ListItem","position":2,"name":"Om mig &#8211; Cecilia Vicktoria Karlsen"}]},{"@type":"WebSite","@id":"https:\/\/beenu.dk\/#website","url":"https:\/\/beenu.dk\/","name":"Beenu","description":"Bivokscreme - Et rent naturprodukt","publisher":{"@id":"https:\/\/beenu.dk\/#organization"},"potentialAction":[{"@type":"SearchAction","target":{"@type":"EntryPoint","urlTemplate":"https:\/\/beenu.dk\/?s={search_term_string}"},"query-input":{"@type":"PropertyValueSpecification","valueRequired":true,"valueName":"search_term_string"}}],"inLanguage":"da-DK"},{"@type":"Organization","@id":"https:\/\/beenu.dk\/#organization","name":"Beenu","url":"https:\/\/beenu.dk\/","logo":{"@type":"ImageObject","inLanguage":"da-DK","@id":"https:\/\/beenu.dk\/#\/schema\/logo\/image\/","url":"https:\/\/beenu.dk\/wp-content\/uploads\/2024\/10\/cropped-cecilialogomed.png","contentUrl":"https:\/\/beenu.dk\/wp-content\/uploads\/2024\/10\/cropped-cecilialogomed.png","width":856,"height":856,"caption":"Beenu"},"image":{"@id":"https:\/\/beenu.dk\/#\/schema\/logo\/image\/"},"sameAs":["https:\/\/www.facebook.com\/ceciliavicktoria","https:\/\/www.instagram.com\/cecilia.karlsen\/"]}]}},"_links":{"self":[{"href":"https:\/\/beenu.dk\/index.php\/wp-json\/wp\/v2\/pages\/245","targetHints":{"allow":["GET"]}}],"collection":[{"href":"https:\/\/beenu.dk\/index.php\/wp-json\/wp\/v2\/pages"}],"about":[{"href":"https:\/\/beenu.dk\/index.php\/wp-json\/wp\/v2\/types\/page"}],"author":[{"embeddable":true,"href":"https:\/\/beenu.dk\/index.php\/wp-json\/wp\/v2\/users\/1"}],"replies":[{"embeddable":true,"href":"https:\/\/beenu.dk\/index.php\/wp-json\/wp\/v2\/comments?post=245"}],"version-history":[{"count":21,"href":"https:\/\/beenu.dk\/index.php\/wp-json\/wp\/v2\/pages\/245\/revisions"}],"predecessor-version":[{"id":782,"href":"https:\/\/beenu.dk\/index.php\/wp-json\/wp\/v2\/pages\/245\/revisions\/782"}],"wp:attachment":[{"href":"https:\/\/beenu.dk\/index.php\/wp-json\/wp\/v2\/media?parent=245"}],"curies":[{"name":"wp","href":"https:\/\/api.w.org\/{rel}","templated":true}]}}