{"id":2,"date":"2024-10-12T08:16:52","date_gmt":"2024-10-12T08:16:52","guid":{"rendered":"https:\/\/ceciliavicktoriakarlsen.com\/bivokscreme\/?page_id=2"},"modified":"2025-03-12T13:48:50","modified_gmt":"2025-03-12T13:48:50","slug":"bivokscreme","status":"publish","type":"page","link":"https:\/\/beenu.dk\/index.php\/bivokscreme\/","title":{"rendered":"Fordele ved bivoks"},"content":{"rendered":"\n<div class=\"wp-block-cover is-light\"><span aria-hidden=\"true\" class=\"wp-block-cover__background has-background-dim\" style=\"background-color:#bcb381\"><\/span><img loading=\"lazy\" decoding=\"async\" width=\"2194\" height=\"1466\" src=\"https:\/\/beenu.dk\/wp-content\/uploads\/2024\/10\/cosmetics-6096482-edited.jpg\" class=\"wp-block-cover__image-background wp-post-image\" alt=\"Bivokscreme alle hudtyper naturlig fugt beskyttelse Naturlig bivokscreme h\u00e5ndr\u00f8rt i Danmark fugtgivende \u00d8kologisk bivoks hudpleje sensitiv hud daglig rutine\" data-object-fit=\"cover\" srcset=\"https:\/\/beenu.dk\/wp-content\/uploads\/2024\/10\/cosmetics-6096482-edited.jpg 2194w, https:\/\/beenu.dk\/wp-content\/uploads\/2024\/10\/cosmetics-6096482-edited-900x601.jpg 900w, https:\/\/beenu.dk\/wp-content\/uploads\/2024\/10\/cosmetics-6096482-edited-300x200.jpg 300w, https:\/\/beenu.dk\/wp-content\/uploads\/2024\/10\/cosmetics-6096482-edited-1024x684.jpg 1024w, https:\/\/beenu.dk\/wp-content\/uploads\/2024\/10\/cosmetics-6096482-edited-768x513.jpg 768w, https:\/\/beenu.dk\/wp-content\/uploads\/2024\/10\/cosmetics-6096482-edited-1536x1026.jpg 1536w, https:\/\/beenu.dk\/wp-content\/uploads\/2024\/10\/cosmetics-6096482-edited-2048x1368.jpg 2048w\" sizes=\"auto, (max-width: 2194px) 100vw, 2194px\" \/><div class=\"wp-block-cover__inner-container is-layout-constrained wp-block-cover-is-layout-constrained\">\n<h3 class=\"wp-block-heading has-text-align-center has-ast-global-color-5-color has-text-color has-link-color has-x-large-font-size wp-elements-f190ebfa80fb1549e5bd66515a27c517\">Fordele ved bivoks<\/h3>\n<\/div><\/div>\n\n\n\n<p><\/p>\n\n\n\n<p>En bivokscreme er god til alle hudtyper. Den er is\u00e6r god mod for tidlig aldring, t\u00f8rhed, skadet hud eller hvis du oplever allergiske reaktioner med almindelige cremer.<\/p>\n\n\n\n<p>I min praksis som behandler har jeg observeret, at regelm\u00e6ssig brug af mine cremer kan bidrage til at opretholde hudens naturlige forsvar.<br>Mine bivokscremer er med lidt forskellige ingredienser, og de er alle h\u00e5ndr\u00f8rt og indeholder bivoks.<\/p>\n\n\n\n<p>Nedenunder kan du l\u00e6se om fordelene ved bivoks, som alle mine cremer indeholder. <\/p>\n\n\n\n<p><\/p>\n\n\n\n<h4 class=\"wp-block-heading\">Fugtgivende og barrierebeskyttelse<\/h4>\n\n\n\n<p>Bivoks skaber en beskyttende barriere p\u00e5 huden, som hj\u00e6lper med at forsegle fugt. Dette er s\u00e6rligt gavnligt for t\u00f8r eller dehydreret hud, da det forhindrer fugttab uden at blokere porerne. Den naturlige bl\u00f8dg\u00f8rende virkning g\u00f8r huden glat og bl\u00f8d.<\/p>\n\n\n\n<h4 class=\"wp-block-heading\">Beskyttende og beroligende egenskaber<\/h4>\n\n\n\n<p>Bivoks har naturlige beskyttende egenskaber og bidrager til at opretholde hudens balance. Den hj\u00e6lper med at skabe en let barriere, der bevarer fugt og beskytter huden mod ydre p\u00e5virkninger. Dens bl\u00f8dg\u00f8rende og plejende effekt g\u00f8r den velegnet til hud, der f\u00f8les t\u00f8r eller sensitiv.<\/p>\n\n\n\n<h4 class=\"wp-block-heading\">N\u00e6ringsrig og plejende ingrediens<\/h4>\n\n\n\n<p>Bivoks indeholder naturlige vitaminer, herunder vitamin A, som underst\u00f8tter hudens naturlige balance og bidrager til at holde den bl\u00f8d og smidig. Dens plejende egenskaber hj\u00e6lper med at bevare hudens fugtighed og beskytte den mod udt\u00f8rring.<\/p>\n\n\n\n<p>Bivoks danner en let beskyttende barriere, der hj\u00e6lper med at fastholde hudens naturlige fugt og giver en bl\u00f8dg\u00f8rende effekt. Den er s\u00e6rligt velegnet til hud, der har tendens til t\u00f8rhed eller sensitivitet.<\/p>\n\n\n\n<h4 class=\"wp-block-heading\">Et naturligt produkt<\/h4>\n\n\n\n<p>Bivoksen i mine cremer er fra en lokal biavler som er garant for det rene produkt, og som en naturlig ingrediens er bivoksen helt fri for syntetiske kemikalier, Dette g\u00f8r det til et godt valg for personer med f\u00f8lsom hud eller allergier over for kunstige ingredienser.<\/p>\n\n\n\n<p>Bivokscremen er dr\u00f8j i brug, og man skal ikke bruge ret meget af gangen. Bivokscreme kan bruges p\u00e5 hele kroppen.<\/p>\n\n\n\n<p><\/p>\n\n\n\n<p><\/p>\n","protected":false},"excerpt":{"rendered":"<p>En bivokscreme er god til alle hudtyper. Den er is\u00e6r god mod for tidlig aldring, t\u00f8rhed, skadet hud eller hvis [&hellip;]<\/p>\n","protected":false},"author":1,"featured_media":284,"parent":0,"menu_order":0,"comment_status":"closed","ping_status":"closed","template":"","meta":{"site-sidebar-layout":"default","site-content-layout":"","ast-site-content-layout":"default","site-content-style":"default","site-sidebar-style":"default","ast-global-header-display":"","ast-banner-title-visibility":"","ast-main-header-display":"","ast-hfb-above-header-display":"","ast-hfb-below-header-display":"","ast-hfb-mobile-header-display":"","site-post-title":"disabled","ast-breadcrumbs-content":"","ast-featured-img":"disabled","footer-sml-layout":"","theme-transparent-header-meta":"","adv-header-id-meta":"","stick-header-meta":"","header-above-stick-meta":"","header-main-stick-meta":"","header-below-stick-meta":"","astra-migrate-meta-layouts":"default","ast-page-background-enabled":"default","ast-page-background-meta":{"desktop":{"background-color":"var(--ast-global-color-4)","background-image":"","background-repeat":"repeat","background-position":"center center","background-size":"auto","background-attachment":"scroll","background-type":"","background-media":"","overlay-type":"","overlay-color":"","overlay-opacity":"","overlay-gradient":""},"tablet":{"background-color":"","background-image":"","background-repeat":"repeat","background-position":"center center","background-size":"auto","background-attachment":"scroll","background-type":"","background-media":"","overlay-type":"","overlay-color":"","overlay-opacity":"","overlay-gradient":""},"mobile":{"background-color":"","background-image":"","background-repeat":"repeat","background-position":"center center","background-size":"auto","background-attachment":"scroll","background-type":"","background-media":"","overlay-type":"","overlay-color":"","overlay-opacity":"","overlay-gradient":""}},"ast-content-background-meta":{"desktop":{"background-color":"var(--ast-global-color-5)","background-image":"","background-repeat":"repeat","background-position":"center center","background-size":"auto","background-attachment":"scroll","background-type":"","background-media":"","overlay-type":"","overlay-color":"","overlay-opacity":"","overlay-gradient":""},"tablet":{"background-color":"var(--ast-global-color-5)","background-image":"","background-repeat":"repeat","background-position":"center center","background-size":"auto","background-attachment":"scroll","background-type":"","background-media":"","overlay-type":"","overlay-color":"","overlay-opacity":"","overlay-gradient":""},"mobile":{"background-color":"var(--ast-global-color-5)","background-image":"","background-repeat":"repeat","background-position":"center center","background-size":"auto","background-attachment":"scroll","background-type":"","background-media":"","overlay-type":"","overlay-color":"","overlay-opacity":"","overlay-gradient":""}},"footnotes":""},"class_list":["post-2","page","type-page","status-publish","has-post-thumbnail","hentry"],"yoast_head":"<!-- This site is optimized with the Yoast SEO plugin v27.4 - https:\/\/yoast.com\/product\/yoast-seo-wordpress\/ -->\n<title>Fordele ved bivoks - Beenu<\/title>\n<meta name=\"robots\" content=\"index, follow, max-snippet:-1, max-image-preview:large, max-video-preview:-1\" \/>\n<link rel=\"canonical\" href=\"https:\/\/beenu.dk\/index.php\/bivokscreme\/\" \/>\n<meta property=\"og:locale\" content=\"da_DK\" \/>\n<meta property=\"og:type\" content=\"article\" \/>\n<meta property=\"og:title\" content=\"Fordele ved bivoks - Beenu\" \/>\n<meta property=\"og:description\" content=\"En bivokscreme er god til alle hudtyper. Den er is\u00e6r god mod for tidlig aldring, t\u00f8rhed, skadet hud eller hvis [&hellip;]\" \/>\n<meta property=\"og:url\" content=\"https:\/\/beenu.dk\/index.php\/bivokscreme\/\" \/>\n<meta property=\"og:site_name\" content=\"Beenu\" \/>\n<meta property=\"article:publisher\" content=\"https:\/\/www.facebook.com\/ceciliavicktoria\" \/>\n<meta property=\"article:modified_time\" content=\"2025-03-12T13:48:50+00:00\" \/>\n<meta property=\"og:image\" content=\"https:\/\/beenu.dk\/wp-content\/uploads\/2024\/10\/cosmetics-6096482-edited.jpg\" \/>\n\t<meta property=\"og:image:width\" content=\"2194\" \/>\n\t<meta property=\"og:image:height\" content=\"1466\" \/>\n\t<meta property=\"og:image:type\" content=\"image\/jpeg\" \/>\n<meta name=\"twitter:card\" content=\"summary_large_image\" \/>\n<meta name=\"twitter:label1\" content=\"Estimeret l\u00e6setid\" \/>\n\t<meta name=\"twitter:data1\" content=\"2 minutter\" \/>\n<script type=\"application\/ld+json\" class=\"yoast-schema-graph\">{\"@context\":\"https:\\\/\\\/schema.org\",\"@graph\":[{\"@type\":\"WebPage\",\"@id\":\"https:\\\/\\\/beenu.dk\\\/index.php\\\/bivokscreme\\\/\",\"url\":\"https:\\\/\\\/beenu.dk\\\/index.php\\\/bivokscreme\\\/\",\"name\":\"Fordele ved bivoks - Beenu\",\"isPartOf\":{\"@id\":\"https:\\\/\\\/beenu.dk\\\/#website\"},\"primaryImageOfPage\":{\"@id\":\"https:\\\/\\\/beenu.dk\\\/index.php\\\/bivokscreme\\\/#primaryimage\"},\"image\":{\"@id\":\"https:\\\/\\\/beenu.dk\\\/index.php\\\/bivokscreme\\\/#primaryimage\"},\"thumbnailUrl\":\"https:\\\/\\\/beenu.dk\\\/wp-content\\\/uploads\\\/2024\\\/10\\\/cosmetics-6096482-edited.jpg\",\"datePublished\":\"2024-10-12T08:16:52+00:00\",\"dateModified\":\"2025-03-12T13:48:50+00:00\",\"breadcrumb\":{\"@id\":\"https:\\\/\\\/beenu.dk\\\/index.php\\\/bivokscreme\\\/#breadcrumb\"},\"inLanguage\":\"da-DK\",\"potentialAction\":[{\"@type\":\"ReadAction\",\"target\":[\"https:\\\/\\\/beenu.dk\\\/index.php\\\/bivokscreme\\\/\"]}]},{\"@type\":\"ImageObject\",\"inLanguage\":\"da-DK\",\"@id\":\"https:\\\/\\\/beenu.dk\\\/index.php\\\/bivokscreme\\\/#primaryimage\",\"url\":\"https:\\\/\\\/beenu.dk\\\/wp-content\\\/uploads\\\/2024\\\/10\\\/cosmetics-6096482-edited.jpg\",\"contentUrl\":\"https:\\\/\\\/beenu.dk\\\/wp-content\\\/uploads\\\/2024\\\/10\\\/cosmetics-6096482-edited.jpg\",\"width\":2194,\"height\":1466,\"caption\":\"Bivokscreme alle hudtyper naturlig fugt beskyttelse Naturlig bivokscreme h\u00e5ndr\u00f8rt i Danmark fugtgivende \u00d8kologisk bivoks hudpleje sensitiv hud daglig rutine\"},{\"@type\":\"BreadcrumbList\",\"@id\":\"https:\\\/\\\/beenu.dk\\\/index.php\\\/bivokscreme\\\/#breadcrumb\",\"itemListElement\":[{\"@type\":\"ListItem\",\"position\":1,\"name\":\"Hjem\",\"item\":\"https:\\\/\\\/beenu.dk\\\/\"},{\"@type\":\"ListItem\",\"position\":2,\"name\":\"Fordele ved bivoks\"}]},{\"@type\":\"WebSite\",\"@id\":\"https:\\\/\\\/beenu.dk\\\/#website\",\"url\":\"https:\\\/\\\/beenu.dk\\\/\",\"name\":\"Beenu\",\"description\":\"Bivokscreme - Et rent naturprodukt\",\"publisher\":{\"@id\":\"https:\\\/\\\/beenu.dk\\\/#organization\"},\"potentialAction\":[{\"@type\":\"SearchAction\",\"target\":{\"@type\":\"EntryPoint\",\"urlTemplate\":\"https:\\\/\\\/beenu.dk\\\/?s={search_term_string}\"},\"query-input\":{\"@type\":\"PropertyValueSpecification\",\"valueRequired\":true,\"valueName\":\"search_term_string\"}}],\"inLanguage\":\"da-DK\"},{\"@type\":\"Organization\",\"@id\":\"https:\\\/\\\/beenu.dk\\\/#organization\",\"name\":\"Beenu\",\"url\":\"https:\\\/\\\/beenu.dk\\\/\",\"logo\":{\"@type\":\"ImageObject\",\"inLanguage\":\"da-DK\",\"@id\":\"https:\\\/\\\/beenu.dk\\\/#\\\/schema\\\/logo\\\/image\\\/\",\"url\":\"https:\\\/\\\/beenu.dk\\\/wp-content\\\/uploads\\\/2024\\\/10\\\/cropped-cecilialogomed.png\",\"contentUrl\":\"https:\\\/\\\/beenu.dk\\\/wp-content\\\/uploads\\\/2024\\\/10\\\/cropped-cecilialogomed.png\",\"width\":856,\"height\":856,\"caption\":\"Beenu\"},\"image\":{\"@id\":\"https:\\\/\\\/beenu.dk\\\/#\\\/schema\\\/logo\\\/image\\\/\"},\"sameAs\":[\"https:\\\/\\\/www.facebook.com\\\/ceciliavicktoria\",\"https:\\\/\\\/www.instagram.com\\\/cecilia.karlsen\\\/\"]}]}<\/script>\n<!-- \/ Yoast SEO plugin. -->","yoast_head_json":{"title":"Fordele ved bivoks - Beenu","robots":{"index":"index","follow":"follow","max-snippet":"max-snippet:-1","max-image-preview":"max-image-preview:large","max-video-preview":"max-video-preview:-1"},"canonical":"https:\/\/beenu.dk\/index.php\/bivokscreme\/","og_locale":"da_DK","og_type":"article","og_title":"Fordele ved bivoks - Beenu","og_description":"En bivokscreme er god til alle hudtyper. Den er is\u00e6r god mod for tidlig aldring, t\u00f8rhed, skadet hud eller hvis [&hellip;]","og_url":"https:\/\/beenu.dk\/index.php\/bivokscreme\/","og_site_name":"Beenu","article_publisher":"https:\/\/www.facebook.com\/ceciliavicktoria","article_modified_time":"2025-03-12T13:48:50+00:00","og_image":[{"width":2194,"height":1466,"url":"https:\/\/beenu.dk\/wp-content\/uploads\/2024\/10\/cosmetics-6096482-edited.jpg","type":"image\/jpeg"}],"twitter_card":"summary_large_image","twitter_misc":{"Estimeret l\u00e6setid":"2 minutter"},"schema":{"@context":"https:\/\/schema.org","@graph":[{"@type":"WebPage","@id":"https:\/\/beenu.dk\/index.php\/bivokscreme\/","url":"https:\/\/beenu.dk\/index.php\/bivokscreme\/","name":"Fordele ved bivoks - Beenu","isPartOf":{"@id":"https:\/\/beenu.dk\/#website"},"primaryImageOfPage":{"@id":"https:\/\/beenu.dk\/index.php\/bivokscreme\/#primaryimage"},"image":{"@id":"https:\/\/beenu.dk\/index.php\/bivokscreme\/#primaryimage"},"thumbnailUrl":"https:\/\/beenu.dk\/wp-content\/uploads\/2024\/10\/cosmetics-6096482-edited.jpg","datePublished":"2024-10-12T08:16:52+00:00","dateModified":"2025-03-12T13:48:50+00:00","breadcrumb":{"@id":"https:\/\/beenu.dk\/index.php\/bivokscreme\/#breadcrumb"},"inLanguage":"da-DK","potentialAction":[{"@type":"ReadAction","target":["https:\/\/beenu.dk\/index.php\/bivokscreme\/"]}]},{"@type":"ImageObject","inLanguage":"da-DK","@id":"https:\/\/beenu.dk\/index.php\/bivokscreme\/#primaryimage","url":"https:\/\/beenu.dk\/wp-content\/uploads\/2024\/10\/cosmetics-6096482-edited.jpg","contentUrl":"https:\/\/beenu.dk\/wp-content\/uploads\/2024\/10\/cosmetics-6096482-edited.jpg","width":2194,"height":1466,"caption":"Bivokscreme alle hudtyper naturlig fugt beskyttelse Naturlig bivokscreme h\u00e5ndr\u00f8rt i Danmark fugtgivende \u00d8kologisk bivoks hudpleje sensitiv hud daglig rutine"},{"@type":"BreadcrumbList","@id":"https:\/\/beenu.dk\/index.php\/bivokscreme\/#breadcrumb","itemListElement":[{"@type":"ListItem","position":1,"name":"Hjem","item":"https:\/\/beenu.dk\/"},{"@type":"ListItem","position":2,"name":"Fordele ved bivoks"}]},{"@type":"WebSite","@id":"https:\/\/beenu.dk\/#website","url":"https:\/\/beenu.dk\/","name":"Beenu","description":"Bivokscreme - Et rent naturprodukt","publisher":{"@id":"https:\/\/beenu.dk\/#organization"},"potentialAction":[{"@type":"SearchAction","target":{"@type":"EntryPoint","urlTemplate":"https:\/\/beenu.dk\/?s={search_term_string}"},"query-input":{"@type":"PropertyValueSpecification","valueRequired":true,"valueName":"search_term_string"}}],"inLanguage":"da-DK"},{"@type":"Organization","@id":"https:\/\/beenu.dk\/#organization","name":"Beenu","url":"https:\/\/beenu.dk\/","logo":{"@type":"ImageObject","inLanguage":"da-DK","@id":"https:\/\/beenu.dk\/#\/schema\/logo\/image\/","url":"https:\/\/beenu.dk\/wp-content\/uploads\/2024\/10\/cropped-cecilialogomed.png","contentUrl":"https:\/\/beenu.dk\/wp-content\/uploads\/2024\/10\/cropped-cecilialogomed.png","width":856,"height":856,"caption":"Beenu"},"image":{"@id":"https:\/\/beenu.dk\/#\/schema\/logo\/image\/"},"sameAs":["https:\/\/www.facebook.com\/ceciliavicktoria","https:\/\/www.instagram.com\/cecilia.karlsen\/"]}]}},"_links":{"self":[{"href":"https:\/\/beenu.dk\/index.php\/wp-json\/wp\/v2\/pages\/2","targetHints":{"allow":["GET"]}}],"collection":[{"href":"https:\/\/beenu.dk\/index.php\/wp-json\/wp\/v2\/pages"}],"about":[{"href":"https:\/\/beenu.dk\/index.php\/wp-json\/wp\/v2\/types\/page"}],"author":[{"embeddable":true,"href":"https:\/\/beenu.dk\/index.php\/wp-json\/wp\/v2\/users\/1"}],"replies":[{"embeddable":true,"href":"https:\/\/beenu.dk\/index.php\/wp-json\/wp\/v2\/comments?post=2"}],"version-history":[{"count":31,"href":"https:\/\/beenu.dk\/index.php\/wp-json\/wp\/v2\/pages\/2\/revisions"}],"predecessor-version":[{"id":780,"href":"https:\/\/beenu.dk\/index.php\/wp-json\/wp\/v2\/pages\/2\/revisions\/780"}],"wp:featuredmedia":[{"embeddable":true,"href":"https:\/\/beenu.dk\/index.php\/wp-json\/wp\/v2\/media\/284"}],"wp:attachment":[{"href":"https:\/\/beenu.dk\/index.php\/wp-json\/wp\/v2\/media?parent=2"}],"curies":[{"name":"wp","href":"https:\/\/api.w.org\/{rel}","templated":true}]}}