{"id":151,"date":"2024-10-13T10:49:28","date_gmt":"2024-10-13T10:49:28","guid":{"rendered":"https:\/\/ceciliavicktoriakarlsen.com\/bivokscreme\/?page_id=151"},"modified":"2025-07-08T07:35:10","modified_gmt":"2025-07-08T07:35:10","slug":"bivoks","status":"publish","type":"page","link":"https:\/\/beenu.dk\/index.php\/bivoks\/","title":{"rendered":"Varianter"},"content":{"rendered":"\n<div class=\"wp-block-cover is-light\"><img loading=\"lazy\" decoding=\"async\" width=\"2560\" height=\"1920\" class=\"wp-block-cover__image-background wp-image-384\" alt=\"\" src=\"https:\/\/beenu.dk\/wp-content\/uploads\/2024\/10\/cream-4418928-scaled.jpg\" data-object-fit=\"cover\" srcset=\"https:\/\/beenu.dk\/wp-content\/uploads\/2024\/10\/cream-4418928-scaled.jpg 2560w, https:\/\/beenu.dk\/wp-content\/uploads\/2024\/10\/cream-4418928-scaled-900x675.jpg 900w, https:\/\/beenu.dk\/wp-content\/uploads\/2024\/10\/cream-4418928-300x225.jpg 300w, https:\/\/beenu.dk\/wp-content\/uploads\/2024\/10\/cream-4418928-1024x768.jpg 1024w, https:\/\/beenu.dk\/wp-content\/uploads\/2024\/10\/cream-4418928-768x576.jpg 768w, https:\/\/beenu.dk\/wp-content\/uploads\/2024\/10\/cream-4418928-1536x1152.jpg 1536w, https:\/\/beenu.dk\/wp-content\/uploads\/2024\/10\/cream-4418928-2048x1536.jpg 2048w\" sizes=\"auto, (max-width: 2560px) 100vw, 2560px\" \/><span aria-hidden=\"true\" class=\"wp-block-cover__background has-background-dim\" style=\"background-color:#d3cfc8\"><\/span><div class=\"wp-block-cover__inner-container is-layout-constrained wp-block-cover-is-layout-constrained\">\n<h3 class=\"wp-block-heading has-text-align-center has-ast-global-color-5-color has-text-color has-link-color has-x-large-font-size wp-elements-eb56c6b0a76055c4669068822ecb4e05\">Varianter<\/h3>\n<\/div><\/div>\n\n\n\n<p><\/p>\n\n\n\n<p>Jeg producerer forskellige varianter af mine cremer, hvor nogle er uden \u00e6teriske olier. De er ben\u00e6vnt &#8220;Neutral&#8221;. Herunder kan du l\u00e6se mere om de typer med \u00e6teriske olier jeg producerer, og hvilke fordele hver enkelt creme har. <\/p>\n\n\n\n<div class=\"wp-block-columns is-layout-flex wp-container-core-columns-is-layout-28f84493 wp-block-columns-is-layout-flex\">\n<div class=\"wp-block-column is-layout-flow wp-block-column-is-layout-flow\">\n<h3 class=\"wp-block-heading has-text-align-center\">Beroligende<\/h3>\n\n\n\n<p class=\"has-text-align-center\">Lavendel<\/p>\n\n\n\n<p class=\"has-text-align-center\">Varianten med beroligende effekt, der kan have en god effekt p\u00e5 irritation og forbedre hudens tilstand. Derudover besidder den naturlige antimikrobielle egenskaber, der beskytter huden. Dens behagelige duft g\u00f8r den ogs\u00e5 ideel til aromaterapi, hvor den skaber en afslappende atmosf\u00e6re.<\/p>\n<\/div>\n\n\n\n<div class=\"wp-block-column is-layout-flow wp-block-column-is-layout-flow\">\n<h3 class=\"wp-block-heading has-text-align-center\">Opl\u00f8ftende<\/h3>\n\n\n\n<p class=\"has-text-align-center\">Lime<\/p>\n\n\n\n<p class=\"has-text-align-center\">Den Opl\u00f8ftende variant har naturlige rensende og opfriskende egenskaber. Den kan hj\u00e6lpe med at forbedre hudens klarhed ved at reducere urenheder.  Den forbedrer hum\u00f8ret og \u00f8ger fokus.<\/p>\n<\/div>\n\n\n\n<div class=\"wp-block-column is-layout-flow wp-block-column-is-layout-flow\">\n<h3 class=\"wp-block-heading has-text-align-center\">Vitalitet<\/h3>\n\n\n\n<p class=\"has-text-align-center\">Pebermynte<\/p>\n\n\n\n<p class=\"has-text-align-center\">Varianten Vitalitet har forfriskende og energigivende egenskaber. Den kan hj\u00e6lpe med at lindre hovedpine og muskelsp\u00e6ndinger, hvilket g\u00f8r den popul\u00e6r til massage og som naturlig smertelindring. Dens stimulerende duft g\u00f8r den ideel til aromaterapi, hvor den kan \u00f8ge fokus og koncentration.<\/p>\n<\/div>\n<\/div>\n\n\n\n<p><\/p>\n\n\n\n<p><\/p>\n\n\n\n<p><\/p>\n","protected":false},"excerpt":{"rendered":"<p>Jeg producerer forskellige varianter af mine cremer, hvor nogle er uden \u00e6teriske olier. De er ben\u00e6vnt &#8220;Neutral&#8221;. Herunder kan du [&hellip;]<\/p>\n","protected":false},"author":1,"featured_media":0,"parent":0,"menu_order":0,"comment_status":"closed","ping_status":"closed","template":"","meta":{"site-sidebar-layout":"default","site-content-layout":"","ast-site-content-layout":"default","site-content-style":"default","site-sidebar-style":"default","ast-global-header-display":"","ast-banner-title-visibility":"","ast-main-header-display":"","ast-hfb-above-header-display":"","ast-hfb-below-header-display":"","ast-hfb-mobile-header-display":"","site-post-title":"disabled","ast-breadcrumbs-content":"","ast-featured-img":"","footer-sml-layout":"","theme-transparent-header-meta":"","adv-header-id-meta":"","stick-header-meta":"","header-above-stick-meta":"","header-main-stick-meta":"","header-below-stick-meta":"","astra-migrate-meta-layouts":"default","ast-page-background-enabled":"default","ast-page-background-meta":{"desktop":{"background-color":"var(--ast-global-color-4)","background-image":"","background-repeat":"repeat","background-position":"center center","background-size":"auto","background-attachment":"scroll","background-type":"","background-media":"","overlay-type":"","overlay-color":"","overlay-opacity":"","overlay-gradient":""},"tablet":{"background-color":"","background-image":"","background-repeat":"repeat","background-position":"center center","background-size":"auto","background-attachment":"scroll","background-type":"","background-media":"","overlay-type":"","overlay-color":"","overlay-opacity":"","overlay-gradient":""},"mobile":{"background-color":"","background-image":"","background-repeat":"repeat","background-position":"center center","background-size":"auto","background-attachment":"scroll","background-type":"","background-media":"","overlay-type":"","overlay-color":"","overlay-opacity":"","overlay-gradient":""}},"ast-content-background-meta":{"desktop":{"background-color":"var(--ast-global-color-5)","background-image":"","background-repeat":"repeat","background-position":"center center","background-size":"auto","background-attachment":"scroll","background-type":"","background-media":"","overlay-type":"","overlay-color":"","overlay-opacity":"","overlay-gradient":""},"tablet":{"background-color":"var(--ast-global-color-5)","background-image":"","background-repeat":"repeat","background-position":"center center","background-size":"auto","background-attachment":"scroll","background-type":"","background-media":"","overlay-type":"","overlay-color":"","overlay-opacity":"","overlay-gradient":""},"mobile":{"background-color":"var(--ast-global-color-5)","background-image":"","background-repeat":"repeat","background-position":"center center","background-size":"auto","background-attachment":"scroll","background-type":"","background-media":"","overlay-type":"","overlay-color":"","overlay-opacity":"","overlay-gradient":""}},"footnotes":""},"class_list":["post-151","page","type-page","status-publish","hentry"],"yoast_head":"<!-- This site is optimized with the Yoast SEO plugin v27.4 - https:\/\/yoast.com\/product\/yoast-seo-wordpress\/ -->\n<title>Varianter - Beenu<\/title>\n<meta name=\"robots\" content=\"index, follow, max-snippet:-1, max-image-preview:large, max-video-preview:-1\" \/>\n<link rel=\"canonical\" href=\"https:\/\/beenu.dk\/index.php\/bivoks\/\" \/>\n<meta property=\"og:locale\" content=\"da_DK\" \/>\n<meta property=\"og:type\" content=\"article\" \/>\n<meta property=\"og:title\" content=\"Varianter - Beenu\" \/>\n<meta property=\"og:description\" content=\"Jeg producerer forskellige varianter af mine cremer, hvor nogle er uden \u00e6teriske olier. De er ben\u00e6vnt &#8220;Neutral&#8221;. Herunder kan du [&hellip;]\" \/>\n<meta property=\"og:url\" content=\"https:\/\/beenu.dk\/index.php\/bivoks\/\" \/>\n<meta property=\"og:site_name\" content=\"Beenu\" \/>\n<meta property=\"article:publisher\" content=\"https:\/\/www.facebook.com\/ceciliavicktoria\" \/>\n<meta property=\"article:modified_time\" content=\"2025-07-08T07:35:10+00:00\" \/>\n<meta property=\"og:image\" content=\"https:\/\/beenu.dk\/wp-content\/uploads\/2024\/10\/cream-4418928-scaled.jpg\" \/>\n\t<meta property=\"og:image:width\" content=\"2560\" \/>\n\t<meta property=\"og:image:height\" content=\"1920\" \/>\n\t<meta property=\"og:image:type\" content=\"image\/jpeg\" \/>\n<meta name=\"twitter:card\" content=\"summary_large_image\" \/>\n<meta name=\"twitter:label1\" content=\"Estimeret l\u00e6setid\" \/>\n\t<meta name=\"twitter:data1\" content=\"2 minutter\" \/>\n<script type=\"application\/ld+json\" class=\"yoast-schema-graph\">{\"@context\":\"https:\\\/\\\/schema.org\",\"@graph\":[{\"@type\":\"WebPage\",\"@id\":\"https:\\\/\\\/beenu.dk\\\/index.php\\\/bivoks\\\/\",\"url\":\"https:\\\/\\\/beenu.dk\\\/index.php\\\/bivoks\\\/\",\"name\":\"Varianter - Beenu\",\"isPartOf\":{\"@id\":\"https:\\\/\\\/beenu.dk\\\/#website\"},\"primaryImageOfPage\":{\"@id\":\"https:\\\/\\\/beenu.dk\\\/index.php\\\/bivoks\\\/#primaryimage\"},\"image\":{\"@id\":\"https:\\\/\\\/beenu.dk\\\/index.php\\\/bivoks\\\/#primaryimage\"},\"thumbnailUrl\":\"https:\\\/\\\/beenu.dk\\\/wp-content\\\/uploads\\\/2024\\\/10\\\/cream-4418928-scaled.jpg\",\"datePublished\":\"2024-10-13T10:49:28+00:00\",\"dateModified\":\"2025-07-08T07:35:10+00:00\",\"breadcrumb\":{\"@id\":\"https:\\\/\\\/beenu.dk\\\/index.php\\\/bivoks\\\/#breadcrumb\"},\"inLanguage\":\"da-DK\",\"potentialAction\":[{\"@type\":\"ReadAction\",\"target\":[\"https:\\\/\\\/beenu.dk\\\/index.php\\\/bivoks\\\/\"]}]},{\"@type\":\"ImageObject\",\"inLanguage\":\"da-DK\",\"@id\":\"https:\\\/\\\/beenu.dk\\\/index.php\\\/bivoks\\\/#primaryimage\",\"url\":\"https:\\\/\\\/beenu.dk\\\/wp-content\\\/uploads\\\/2024\\\/10\\\/cream-4418928-scaled.jpg\",\"contentUrl\":\"https:\\\/\\\/beenu.dk\\\/wp-content\\\/uploads\\\/2024\\\/10\\\/cream-4418928-scaled.jpg\",\"width\":2560,\"height\":1920,\"caption\":\"Bivokscreme alle hudtyper naturlig fugt beskyttelse Naturlig bivokscreme h\u00e5ndr\u00f8rt i Danmark fugtgivende \u00d8kologisk bivoks hudpleje sensitiv hud daglig rutine\"},{\"@type\":\"BreadcrumbList\",\"@id\":\"https:\\\/\\\/beenu.dk\\\/index.php\\\/bivoks\\\/#breadcrumb\",\"itemListElement\":[{\"@type\":\"ListItem\",\"position\":1,\"name\":\"Hjem\",\"item\":\"https:\\\/\\\/beenu.dk\\\/\"},{\"@type\":\"ListItem\",\"position\":2,\"name\":\"Varianter\"}]},{\"@type\":\"WebSite\",\"@id\":\"https:\\\/\\\/beenu.dk\\\/#website\",\"url\":\"https:\\\/\\\/beenu.dk\\\/\",\"name\":\"Beenu\",\"description\":\"Bivokscreme - Et rent naturprodukt\",\"publisher\":{\"@id\":\"https:\\\/\\\/beenu.dk\\\/#organization\"},\"potentialAction\":[{\"@type\":\"SearchAction\",\"target\":{\"@type\":\"EntryPoint\",\"urlTemplate\":\"https:\\\/\\\/beenu.dk\\\/?s={search_term_string}\"},\"query-input\":{\"@type\":\"PropertyValueSpecification\",\"valueRequired\":true,\"valueName\":\"search_term_string\"}}],\"inLanguage\":\"da-DK\"},{\"@type\":\"Organization\",\"@id\":\"https:\\\/\\\/beenu.dk\\\/#organization\",\"name\":\"Beenu\",\"url\":\"https:\\\/\\\/beenu.dk\\\/\",\"logo\":{\"@type\":\"ImageObject\",\"inLanguage\":\"da-DK\",\"@id\":\"https:\\\/\\\/beenu.dk\\\/#\\\/schema\\\/logo\\\/image\\\/\",\"url\":\"https:\\\/\\\/beenu.dk\\\/wp-content\\\/uploads\\\/2024\\\/10\\\/cropped-cecilialogomed.png\",\"contentUrl\":\"https:\\\/\\\/beenu.dk\\\/wp-content\\\/uploads\\\/2024\\\/10\\\/cropped-cecilialogomed.png\",\"width\":856,\"height\":856,\"caption\":\"Beenu\"},\"image\":{\"@id\":\"https:\\\/\\\/beenu.dk\\\/#\\\/schema\\\/logo\\\/image\\\/\"},\"sameAs\":[\"https:\\\/\\\/www.facebook.com\\\/ceciliavicktoria\",\"https:\\\/\\\/www.instagram.com\\\/cecilia.karlsen\\\/\"]}]}<\/script>\n<!-- \/ Yoast SEO plugin. -->","yoast_head_json":{"title":"Varianter - Beenu","robots":{"index":"index","follow":"follow","max-snippet":"max-snippet:-1","max-image-preview":"max-image-preview:large","max-video-preview":"max-video-preview:-1"},"canonical":"https:\/\/beenu.dk\/index.php\/bivoks\/","og_locale":"da_DK","og_type":"article","og_title":"Varianter - Beenu","og_description":"Jeg producerer forskellige varianter af mine cremer, hvor nogle er uden \u00e6teriske olier. De er ben\u00e6vnt &#8220;Neutral&#8221;. Herunder kan du [&hellip;]","og_url":"https:\/\/beenu.dk\/index.php\/bivoks\/","og_site_name":"Beenu","article_publisher":"https:\/\/www.facebook.com\/ceciliavicktoria","article_modified_time":"2025-07-08T07:35:10+00:00","og_image":[{"width":2560,"height":1920,"url":"https:\/\/beenu.dk\/wp-content\/uploads\/2024\/10\/cream-4418928-scaled.jpg","type":"image\/jpeg"}],"twitter_card":"summary_large_image","twitter_misc":{"Estimeret l\u00e6setid":"2 minutter"},"schema":{"@context":"https:\/\/schema.org","@graph":[{"@type":"WebPage","@id":"https:\/\/beenu.dk\/index.php\/bivoks\/","url":"https:\/\/beenu.dk\/index.php\/bivoks\/","name":"Varianter - Beenu","isPartOf":{"@id":"https:\/\/beenu.dk\/#website"},"primaryImageOfPage":{"@id":"https:\/\/beenu.dk\/index.php\/bivoks\/#primaryimage"},"image":{"@id":"https:\/\/beenu.dk\/index.php\/bivoks\/#primaryimage"},"thumbnailUrl":"https:\/\/beenu.dk\/wp-content\/uploads\/2024\/10\/cream-4418928-scaled.jpg","datePublished":"2024-10-13T10:49:28+00:00","dateModified":"2025-07-08T07:35:10+00:00","breadcrumb":{"@id":"https:\/\/beenu.dk\/index.php\/bivoks\/#breadcrumb"},"inLanguage":"da-DK","potentialAction":[{"@type":"ReadAction","target":["https:\/\/beenu.dk\/index.php\/bivoks\/"]}]},{"@type":"ImageObject","inLanguage":"da-DK","@id":"https:\/\/beenu.dk\/index.php\/bivoks\/#primaryimage","url":"https:\/\/beenu.dk\/wp-content\/uploads\/2024\/10\/cream-4418928-scaled.jpg","contentUrl":"https:\/\/beenu.dk\/wp-content\/uploads\/2024\/10\/cream-4418928-scaled.jpg","width":2560,"height":1920,"caption":"Bivokscreme alle hudtyper naturlig fugt beskyttelse Naturlig bivokscreme h\u00e5ndr\u00f8rt i Danmark fugtgivende \u00d8kologisk bivoks hudpleje sensitiv hud daglig rutine"},{"@type":"BreadcrumbList","@id":"https:\/\/beenu.dk\/index.php\/bivoks\/#breadcrumb","itemListElement":[{"@type":"ListItem","position":1,"name":"Hjem","item":"https:\/\/beenu.dk\/"},{"@type":"ListItem","position":2,"name":"Varianter"}]},{"@type":"WebSite","@id":"https:\/\/beenu.dk\/#website","url":"https:\/\/beenu.dk\/","name":"Beenu","description":"Bivokscreme - Et rent naturprodukt","publisher":{"@id":"https:\/\/beenu.dk\/#organization"},"potentialAction":[{"@type":"SearchAction","target":{"@type":"EntryPoint","urlTemplate":"https:\/\/beenu.dk\/?s={search_term_string}"},"query-input":{"@type":"PropertyValueSpecification","valueRequired":true,"valueName":"search_term_string"}}],"inLanguage":"da-DK"},{"@type":"Organization","@id":"https:\/\/beenu.dk\/#organization","name":"Beenu","url":"https:\/\/beenu.dk\/","logo":{"@type":"ImageObject","inLanguage":"da-DK","@id":"https:\/\/beenu.dk\/#\/schema\/logo\/image\/","url":"https:\/\/beenu.dk\/wp-content\/uploads\/2024\/10\/cropped-cecilialogomed.png","contentUrl":"https:\/\/beenu.dk\/wp-content\/uploads\/2024\/10\/cropped-cecilialogomed.png","width":856,"height":856,"caption":"Beenu"},"image":{"@id":"https:\/\/beenu.dk\/#\/schema\/logo\/image\/"},"sameAs":["https:\/\/www.facebook.com\/ceciliavicktoria","https:\/\/www.instagram.com\/cecilia.karlsen\/"]}]}},"_links":{"self":[{"href":"https:\/\/beenu.dk\/index.php\/wp-json\/wp\/v2\/pages\/151","targetHints":{"allow":["GET"]}}],"collection":[{"href":"https:\/\/beenu.dk\/index.php\/wp-json\/wp\/v2\/pages"}],"about":[{"href":"https:\/\/beenu.dk\/index.php\/wp-json\/wp\/v2\/types\/page"}],"author":[{"embeddable":true,"href":"https:\/\/beenu.dk\/index.php\/wp-json\/wp\/v2\/users\/1"}],"replies":[{"embeddable":true,"href":"https:\/\/beenu.dk\/index.php\/wp-json\/wp\/v2\/comments?post=151"}],"version-history":[{"count":14,"href":"https:\/\/beenu.dk\/index.php\/wp-json\/wp\/v2\/pages\/151\/revisions"}],"predecessor-version":[{"id":841,"href":"https:\/\/beenu.dk\/index.php\/wp-json\/wp\/v2\/pages\/151\/revisions\/841"}],"wp:attachment":[{"href":"https:\/\/beenu.dk\/index.php\/wp-json\/wp\/v2\/media?parent=151"}],"curies":[{"name":"wp","href":"https:\/\/api.w.org\/{rel}","templated":true}]}}